{"id":219,"date":"2023-06-05T15:19:52","date_gmt":"2023-06-05T15:19:52","guid":{"rendered":"https:\/\/zumbaliciouscrew.com\/?page_id=219"},"modified":"2023-07-20T10:42:03","modified_gmt":"2023-07-20T08:42:03","slug":"cart","status":"publish","type":"page","link":"https:\/\/zumbaliciouscrew.com\/en\/cart\/","title":{"rendered":"Cart"},"content":{"rendered":"<div data-elementor-type=\"wp-page\" data-elementor-id=\"219\" class=\"elementor elementor-219\" data-elementor-post-type=\"page\">\n\t\t\t\t\t\t<section class=\"elementor-section elementor-top-section elementor-element elementor-element-d140942 elementor-section-boxed elementor-section-height-default elementor-section-height-default\" data-id=\"d140942\" data-element_type=\"section\" data-settings=\"{&quot;background_background&quot;:&quot;classic&quot;,&quot;shape_divider_bottom&quot;:&quot;tilt&quot;}\">\n\t\t\t\t\t<div class=\"elementor-shape elementor-shape-bottom\" aria-hidden=\"true\" data-negative=\"false\">\n\t\t\t<svg xmlns=\"http:\/\/www.w3.org\/2000\/svg\" viewbox=\"0 0 1000 100\" preserveaspectratio=\"none\">\n\t<path class=\"elementor-shape-fill\" d=\"M0,6V0h1000v100L0,6z\"\/>\n<\/svg>\t\t<\/div>\n\t\t\t\t\t<div class=\"elementor-container elementor-column-gap-default\">\n\t\t\t\t\t<div class=\"elementor-column elementor-col-100 elementor-top-column elementor-element elementor-element-e965fee\" data-id=\"e965fee\" data-element_type=\"column\">\n\t\t\t<div class=\"elementor-widget-wrap elementor-element-populated\">\n\t\t\t\t\t\t<div class=\"elementor-element elementor-element-93faf83 elementor-widget elementor-widget-heading\" data-id=\"93faf83\" data-element_type=\"widget\" data-widget_type=\"heading.default\">\n\t\t\t\t<div class=\"elementor-widget-container\">\n\t\t\t\t\t<h2 class=\"elementor-heading-title elementor-size-default\">Cart<\/h2>\t\t\t\t<\/div>\n\t\t\t\t<\/div>\n\t\t\t\t\t<\/div>\n\t\t<\/div>\n\t\t\t\t\t<\/div>\n\t\t<\/section>\n\t\t\t\t<section class=\"elementor-section elementor-top-section elementor-element elementor-element-64deee49 elementor-section-boxed elementor-section-height-default elementor-section-height-default\" data-id=\"64deee49\" data-element_type=\"section\">\n\t\t\t\t\t\t<div class=\"elementor-container elementor-column-gap-default\">\n\t\t\t\t\t<div class=\"elementor-column elementor-col-100 elementor-top-column elementor-element elementor-element-7b3157\" data-id=\"7b3157\" data-element_type=\"column\">\n\t\t\t<div class=\"elementor-widget-wrap elementor-element-populated\">\n\t\t\t\t\t\t\t<\/div>\n\t\t<\/div>\n\t\t\t\t\t<\/div>\n\t\t<\/section>\n\t\t\t\t<\/div>","protected":false},"excerpt":{"rendered":"<p>Ko\u0161arica Odstrani predmet Thumbnail image Izdelek Cena Koli\u010dina Delni znesek &times; ZUMBA\u00aeMASTERCLASS: BROTHERS TWINZ 37,00&nbsp;&euro; ZUMBA\u00aeMASTERCLASS: BROTHERS TWINZ koli\u010dina 111,00&nbsp;&euro; &times; 1 Mese\u010dna Zumba: Neomejeno 65,00&nbsp;&euro; 1 Mese\u010dna Zumba: Neomejeno koli\u010dina 65,00&nbsp;&euro; &times; Zumba Gold : Mese\u010dna &#8211; 1x tedensko 40,00&nbsp;&euro; Zumba Gold : Mese\u010dna &#8211; 1x tedensko koli\u010dina 40,00&nbsp;&euro; Unov\u010di Kupon Vsota Ko\u0161arice Delni [&hellip;]<\/p>","protected":false},"author":1,"featured_media":0,"parent":0,"menu_order":0,"comment_status":"closed","ping_status":"closed","template":"elementor_header_footer","meta":{"inline_featured_image":false,"footnotes":""},"class_list":["post-219","page","type-page","status-publish","hentry"],"yoast_head":"<!-- This site is optimized with the Yoast SEO plugin v26.6 - https:\/\/yoast.com\/wordpress\/plugins\/seo\/ -->\n<title>Cart - Zumbalicious Crew<\/title>\n<meta name=\"robots\" content=\"index, follow, max-snippet:-1, max-image-preview:large, max-video-preview:-1\" \/>\n<link rel=\"canonical\" href=\"https:\/\/zumbaliciouscrew.com\/en\/cart\/\" \/>\n<meta property=\"og:locale\" content=\"en_GB\" \/>\n<meta property=\"og:type\" content=\"article\" \/>\n<meta property=\"og:title\" content=\"Cart - Zumbalicious Crew\" \/>\n<meta property=\"og:description\" content=\"Ko\u0161arica Odstrani predmet Thumbnail image Izdelek Cena Koli\u010dina Delni znesek &times; ZUMBA\u00aeMASTERCLASS: BROTHERS TWINZ 37,00&nbsp;&euro; ZUMBA\u00aeMASTERCLASS: BROTHERS TWINZ koli\u010dina 111,00&nbsp;&euro; &times; 1 Mese\u010dna Zumba: Neomejeno 65,00&nbsp;&euro; 1 Mese\u010dna Zumba: Neomejeno koli\u010dina 65,00&nbsp;&euro; &times; Zumba Gold : Mese\u010dna &#8211; 1x tedensko 40,00&nbsp;&euro; Zumba Gold : Mese\u010dna &#8211; 1x tedensko koli\u010dina 40,00&nbsp;&euro; Unov\u010di Kupon Vsota Ko\u0161arice Delni [&hellip;]\" \/>\n<meta property=\"og:url\" content=\"https:\/\/zumbaliciouscrew.com\/en\/cart\/\" \/>\n<meta property=\"og:site_name\" content=\"Zumbalicious Crew\" \/>\n<meta property=\"article:modified_time\" content=\"2023-07-20T08:42:03+00:00\" \/>\n<meta property=\"og:image\" content=\"https:\/\/zumbaliciouscrew.com\/wp-content\/uploads\/2023\/07\/19-300x300.png\" \/>\n<meta name=\"twitter:card\" content=\"summary_large_image\" \/>\n<meta name=\"twitter:label1\" content=\"Estimated reading time\" \/>\n\t<meta name=\"twitter:data1\" content=\"1 minute\" \/>\n<script type=\"application\/ld+json\" class=\"yoast-schema-graph\">{\"@context\":\"https:\/\/schema.org\",\"@graph\":[{\"@type\":\"WebPage\",\"@id\":\"https:\/\/zumbaliciouscrew.com\/cart\/\",\"url\":\"https:\/\/zumbaliciouscrew.com\/cart\/\",\"name\":\"Cart - Zumbalicious Crew\",\"isPartOf\":{\"@id\":\"https:\/\/zumbaliciouscrew.com\/#website\"},\"primaryImageOfPage\":{\"@id\":\"https:\/\/zumbaliciouscrew.com\/cart\/#primaryimage\"},\"image\":{\"@id\":\"https:\/\/zumbaliciouscrew.com\/cart\/#primaryimage\"},\"thumbnailUrl\":\"https:\/\/zumbaliciouscrew.com\/wp-content\/uploads\/2023\/07\/19-300x300.png\",\"datePublished\":\"2023-06-05T15:19:52+00:00\",\"dateModified\":\"2023-07-20T08:42:03+00:00\",\"breadcrumb\":{\"@id\":\"https:\/\/zumbaliciouscrew.com\/cart\/#breadcrumb\"},\"inLanguage\":\"en-GB\",\"potentialAction\":[{\"@type\":\"ReadAction\",\"target\":[\"https:\/\/zumbaliciouscrew.com\/cart\/\"]}]},{\"@type\":\"ImageObject\",\"inLanguage\":\"en-GB\",\"@id\":\"https:\/\/zumbaliciouscrew.com\/cart\/#primaryimage\",\"url\":\"https:\/\/zumbaliciouscrew.com\/wp-content\/uploads\/2023\/07\/19-300x300.png\",\"contentUrl\":\"https:\/\/zumbaliciouscrew.com\/wp-content\/uploads\/2023\/07\/19-300x300.png\"},{\"@type\":\"BreadcrumbList\",\"@id\":\"https:\/\/zumbaliciouscrew.com\/cart\/#breadcrumb\",\"itemListElement\":[{\"@type\":\"ListItem\",\"position\":1,\"name\":\"Home\",\"item\":\"https:\/\/zumbaliciouscrew.com\/\"},{\"@type\":\"ListItem\",\"position\":2,\"name\":\"Cart\"}]},{\"@type\":\"WebSite\",\"@id\":\"https:\/\/zumbaliciouscrew.com\/#website\",\"url\":\"https:\/\/zumbaliciouscrew.com\/\",\"name\":\"Zumbalicious Crew\",\"description\":\"\",\"publisher\":{\"@id\":\"https:\/\/zumbaliciouscrew.com\/#organization\"},\"potentialAction\":[{\"@type\":\"SearchAction\",\"target\":{\"@type\":\"EntryPoint\",\"urlTemplate\":\"https:\/\/zumbaliciouscrew.com\/?s={search_term_string}\"},\"query-input\":{\"@type\":\"PropertyValueSpecification\",\"valueRequired\":true,\"valueName\":\"search_term_string\"}}],\"inLanguage\":\"en-GB\"},{\"@type\":\"Organization\",\"@id\":\"https:\/\/zumbaliciouscrew.com\/#organization\",\"name\":\"Zumbalicious Crew\",\"url\":\"https:\/\/zumbaliciouscrew.com\/\",\"logo\":{\"@type\":\"ImageObject\",\"inLanguage\":\"en-GB\",\"@id\":\"https:\/\/zumbaliciouscrew.com\/#\/schema\/logo\/image\/\",\"url\":\"https:\/\/zumbaliciouscrew.com\/wp-content\/uploads\/2023\/06\/zumba-logo.png\",\"contentUrl\":\"https:\/\/zumbaliciouscrew.com\/wp-content\/uploads\/2023\/06\/zumba-logo.png\",\"width\":307,\"height\":121,\"caption\":\"Zumbalicious Crew\"},\"image\":{\"@id\":\"https:\/\/zumbaliciouscrew.com\/#\/schema\/logo\/image\/\"}}]}<\/script>\n<!-- \/ Yoast SEO plugin. -->","yoast_head_json":{"title":"Cart - Zumbalicious Crew","robots":{"index":"index","follow":"follow","max-snippet":"max-snippet:-1","max-image-preview":"max-image-preview:large","max-video-preview":"max-video-preview:-1"},"canonical":"https:\/\/zumbaliciouscrew.com\/en\/cart\/","og_locale":"en_GB","og_type":"article","og_title":"Cart - Zumbalicious Crew","og_description":"Ko\u0161arica Odstrani predmet Thumbnail image Izdelek Cena Koli\u010dina Delni znesek &times; ZUMBA\u00aeMASTERCLASS: BROTHERS TWINZ 37,00&nbsp;&euro; ZUMBA\u00aeMASTERCLASS: BROTHERS TWINZ koli\u010dina 111,00&nbsp;&euro; &times; 1 Mese\u010dna Zumba: Neomejeno 65,00&nbsp;&euro; 1 Mese\u010dna Zumba: Neomejeno koli\u010dina 65,00&nbsp;&euro; &times; Zumba Gold : Mese\u010dna &#8211; 1x tedensko 40,00&nbsp;&euro; Zumba Gold : Mese\u010dna &#8211; 1x tedensko koli\u010dina 40,00&nbsp;&euro; Unov\u010di Kupon Vsota Ko\u0161arice Delni [&hellip;]","og_url":"https:\/\/zumbaliciouscrew.com\/en\/cart\/","og_site_name":"Zumbalicious Crew","article_modified_time":"2023-07-20T08:42:03+00:00","og_image":[{"url":"https:\/\/zumbaliciouscrew.com\/wp-content\/uploads\/2023\/07\/19-300x300.png","type":"","width":"","height":""}],"twitter_card":"summary_large_image","twitter_misc":{"Estimated reading time":"1 minute"},"schema":{"@context":"https:\/\/schema.org","@graph":[{"@type":"WebPage","@id":"https:\/\/zumbaliciouscrew.com\/cart\/","url":"https:\/\/zumbaliciouscrew.com\/cart\/","name":"Cart - Zumbalicious Crew","isPartOf":{"@id":"https:\/\/zumbaliciouscrew.com\/#website"},"primaryImageOfPage":{"@id":"https:\/\/zumbaliciouscrew.com\/cart\/#primaryimage"},"image":{"@id":"https:\/\/zumbaliciouscrew.com\/cart\/#primaryimage"},"thumbnailUrl":"https:\/\/zumbaliciouscrew.com\/wp-content\/uploads\/2023\/07\/19-300x300.png","datePublished":"2023-06-05T15:19:52+00:00","dateModified":"2023-07-20T08:42:03+00:00","breadcrumb":{"@id":"https:\/\/zumbaliciouscrew.com\/cart\/#breadcrumb"},"inLanguage":"en-GB","potentialAction":[{"@type":"ReadAction","target":["https:\/\/zumbaliciouscrew.com\/cart\/"]}]},{"@type":"ImageObject","inLanguage":"en-GB","@id":"https:\/\/zumbaliciouscrew.com\/cart\/#primaryimage","url":"https:\/\/zumbaliciouscrew.com\/wp-content\/uploads\/2023\/07\/19-300x300.png","contentUrl":"https:\/\/zumbaliciouscrew.com\/wp-content\/uploads\/2023\/07\/19-300x300.png"},{"@type":"BreadcrumbList","@id":"https:\/\/zumbaliciouscrew.com\/cart\/#breadcrumb","itemListElement":[{"@type":"ListItem","position":1,"name":"Home","item":"https:\/\/zumbaliciouscrew.com\/"},{"@type":"ListItem","position":2,"name":"Cart"}]},{"@type":"WebSite","@id":"https:\/\/zumbaliciouscrew.com\/#website","url":"https:\/\/zumbaliciouscrew.com\/","name":"Zumbalicious Crew","description":"","publisher":{"@id":"https:\/\/zumbaliciouscrew.com\/#organization"},"potentialAction":[{"@type":"SearchAction","target":{"@type":"EntryPoint","urlTemplate":"https:\/\/zumbaliciouscrew.com\/?s={search_term_string}"},"query-input":{"@type":"PropertyValueSpecification","valueRequired":true,"valueName":"search_term_string"}}],"inLanguage":"en-GB"},{"@type":"Organization","@id":"https:\/\/zumbaliciouscrew.com\/#organization","name":"Zumbalicious Crew","url":"https:\/\/zumbaliciouscrew.com\/","logo":{"@type":"ImageObject","inLanguage":"en-GB","@id":"https:\/\/zumbaliciouscrew.com\/#\/schema\/logo\/image\/","url":"https:\/\/zumbaliciouscrew.com\/wp-content\/uploads\/2023\/06\/zumba-logo.png","contentUrl":"https:\/\/zumbaliciouscrew.com\/wp-content\/uploads\/2023\/06\/zumba-logo.png","width":307,"height":121,"caption":"Zumbalicious Crew"},"image":{"@id":"https:\/\/zumbaliciouscrew.com\/#\/schema\/logo\/image\/"}}]}},"_links":{"self":[{"href":"https:\/\/zumbaliciouscrew.com\/en\/wp-json\/wp\/v2\/pages\/219","targetHints":{"allow":["GET"]}}],"collection":[{"href":"https:\/\/zumbaliciouscrew.com\/en\/wp-json\/wp\/v2\/pages"}],"about":[{"href":"https:\/\/zumbaliciouscrew.com\/en\/wp-json\/wp\/v2\/types\/page"}],"author":[{"embeddable":true,"href":"https:\/\/zumbaliciouscrew.com\/en\/wp-json\/wp\/v2\/users\/1"}],"replies":[{"embeddable":true,"href":"https:\/\/zumbaliciouscrew.com\/en\/wp-json\/wp\/v2\/comments?post=219"}],"version-history":[{"count":103,"href":"https:\/\/zumbaliciouscrew.com\/en\/wp-json\/wp\/v2\/pages\/219\/revisions"}],"predecessor-version":[{"id":2481,"href":"https:\/\/zumbaliciouscrew.com\/en\/wp-json\/wp\/v2\/pages\/219\/revisions\/2481"}],"wp:attachment":[{"href":"https:\/\/zumbaliciouscrew.com\/en\/wp-json\/wp\/v2\/media?parent=219"}],"curies":[{"name":"wp","href":"https:\/\/api.w.org\/{rel}","templated":true}]}}