{"id":221,"date":"2023-06-05T15:19:53","date_gmt":"2023-06-05T13:19:53","guid":{"rendered":"https:\/\/zumbaliciouscrew.com\/?page_id=221"},"modified":"2023-07-14T15:46:59","modified_gmt":"2023-07-14T13:46:59","slug":"moj-racun","status":"publish","type":"page","link":"https:\/\/zumbaliciouscrew.com\/en\/moj-racun\/","title":{"rendered":"My account"},"content":{"rendered":"<div data-elementor-type=\"wp-page\" data-elementor-id=\"221\" class=\"elementor elementor-221\" data-elementor-post-type=\"page\">\n\t\t\t\t\t\t<section class=\"elementor-section elementor-top-section elementor-element elementor-element-19bdd679 elementor-section-boxed elementor-section-height-default elementor-section-height-default\" data-id=\"19bdd679\" data-element_type=\"section\">\n\t\t\t\t\t\t<div class=\"elementor-container elementor-column-gap-default\">\n\t\t\t\t\t<div class=\"elementor-column elementor-col-100 elementor-top-column elementor-element elementor-element-6a23c489\" data-id=\"6a23c489\" data-element_type=\"column\">\n\t\t\t<div class=\"elementor-widget-wrap elementor-element-populated\">\n\t\t\t\t\t\t<div class=\"elementor-element elementor-element-1c7b240 e-my-account-tabs-horizontal elementor-widget elementor-widget-woocommerce-my-account\" data-id=\"1c7b240\" data-element_type=\"widget\" data-widget_type=\"woocommerce-my-account.default\">\n\t\t\t\t<div class=\"elementor-widget-container\">\n\t\t\t\t\t<div class=\"e-my-account-tab e-my-account-tab__\">\t\t\t<div class=\"woocommerce\"><\/div>\t\t<\/div>\n\t\t\t\t\t\t<\/div>\n\t\t\t\t<\/div>\n\t\t\t\t\t<\/div>\n\t\t<\/div>\n\t\t\t\t\t<\/div>\n\t\t<\/section>\n\t\t\t\t<\/div>","protected":false},"excerpt":{"rendered":"<p>Nadzorna plo\u0161\u010da Naro\u010dila Prenosi Naslovi Podrobnosti ra\u010duna Odjava Nadzorna plo\u0161\u010da Naro\u010dila Prenosi Naslovi Podrobnosti ra\u010duna Odjava Nadzorna plo\u0161\u010da Naro\u010dila Prenosi Naslovi Podrobnosti ra\u010duna Odjava Nadzorna plo\u0161\u010da Naro\u010dila Prenosi Naslovi Podrobnosti ra\u010duna Odjava \u017divijo admin (niste admin? Odjava) V va\u0161i nadzorni plo\u0161\u010di si lahko ogledate nedavna naro\u010dila, upravljate svoje pla\u010dni\u0161ke in dostavne naslove ter urejate svoje [&hellip;]<\/p>","protected":false},"author":1,"featured_media":0,"parent":0,"menu_order":0,"comment_status":"closed","ping_status":"closed","template":"elementor_header_footer","meta":{"inline_featured_image":false,"footnotes":""},"class_list":["post-221","page","type-page","status-publish","hentry"],"yoast_head":"<!-- This site is optimized with the Yoast SEO plugin v26.6 - https:\/\/yoast.com\/wordpress\/plugins\/seo\/ -->\n<title>Moj ra\u010dun - Zumbalicious Crew<\/title>\n<meta name=\"robots\" content=\"index, follow, max-snippet:-1, max-image-preview:large, max-video-preview:-1\" \/>\n<link rel=\"canonical\" href=\"https:\/\/zumbaliciouscrew.com\/en\/moj-racun\/\" \/>\n<meta property=\"og:locale\" content=\"en_GB\" \/>\n<meta property=\"og:type\" content=\"article\" \/>\n<meta property=\"og:title\" content=\"Moj ra\u010dun - Zumbalicious Crew\" \/>\n<meta property=\"og:description\" content=\"Nadzorna plo\u0161\u010da Naro\u010dila Prenosi Naslovi Podrobnosti ra\u010duna Odjava Nadzorna plo\u0161\u010da Naro\u010dila Prenosi Naslovi Podrobnosti ra\u010duna Odjava Nadzorna plo\u0161\u010da Naro\u010dila Prenosi Naslovi Podrobnosti ra\u010duna Odjava Nadzorna plo\u0161\u010da Naro\u010dila Prenosi Naslovi Podrobnosti ra\u010duna Odjava \u017divijo admin (niste admin? Odjava) V va\u0161i nadzorni plo\u0161\u010di si lahko ogledate nedavna naro\u010dila, upravljate svoje pla\u010dni\u0161ke in dostavne naslove ter urejate svoje [&hellip;]\" \/>\n<meta property=\"og:url\" content=\"https:\/\/zumbaliciouscrew.com\/en\/moj-racun\/\" \/>\n<meta property=\"og:site_name\" content=\"Zumbalicious Crew\" \/>\n<meta property=\"article:modified_time\" content=\"2023-07-14T13:46:59+00:00\" \/>\n<meta name=\"twitter:card\" content=\"summary_large_image\" \/>\n<meta name=\"twitter:label1\" content=\"Estimated reading time\" \/>\n\t<meta name=\"twitter:data1\" content=\"2 minutes\" \/>\n<script type=\"application\/ld+json\" class=\"yoast-schema-graph\">{\"@context\":\"https:\/\/schema.org\",\"@graph\":[{\"@type\":\"WebPage\",\"@id\":\"https:\/\/zumbaliciouscrew.com\/moj-racun\/\",\"url\":\"https:\/\/zumbaliciouscrew.com\/moj-racun\/\",\"name\":\"Moj ra\u010dun - Zumbalicious Crew\",\"isPartOf\":{\"@id\":\"https:\/\/zumbaliciouscrew.com\/#website\"},\"datePublished\":\"2023-06-05T13:19:53+00:00\",\"dateModified\":\"2023-07-14T13:46:59+00:00\",\"breadcrumb\":{\"@id\":\"https:\/\/zumbaliciouscrew.com\/moj-racun\/#breadcrumb\"},\"inLanguage\":\"en-GB\",\"potentialAction\":[{\"@type\":\"ReadAction\",\"target\":[\"https:\/\/zumbaliciouscrew.com\/moj-racun\/\"]}]},{\"@type\":\"BreadcrumbList\",\"@id\":\"https:\/\/zumbaliciouscrew.com\/moj-racun\/#breadcrumb\",\"itemListElement\":[{\"@type\":\"ListItem\",\"position\":1,\"name\":\"Home\",\"item\":\"https:\/\/zumbaliciouscrew.com\/\"},{\"@type\":\"ListItem\",\"position\":2,\"name\":\"Moj ra\u010dun\"}]},{\"@type\":\"WebSite\",\"@id\":\"https:\/\/zumbaliciouscrew.com\/#website\",\"url\":\"https:\/\/zumbaliciouscrew.com\/\",\"name\":\"Zumbalicious Crew\",\"description\":\"\",\"publisher\":{\"@id\":\"https:\/\/zumbaliciouscrew.com\/#organization\"},\"potentialAction\":[{\"@type\":\"SearchAction\",\"target\":{\"@type\":\"EntryPoint\",\"urlTemplate\":\"https:\/\/zumbaliciouscrew.com\/?s={search_term_string}\"},\"query-input\":{\"@type\":\"PropertyValueSpecification\",\"valueRequired\":true,\"valueName\":\"search_term_string\"}}],\"inLanguage\":\"en-GB\"},{\"@type\":\"Organization\",\"@id\":\"https:\/\/zumbaliciouscrew.com\/#organization\",\"name\":\"Zumbalicious Crew\",\"url\":\"https:\/\/zumbaliciouscrew.com\/\",\"logo\":{\"@type\":\"ImageObject\",\"inLanguage\":\"en-GB\",\"@id\":\"https:\/\/zumbaliciouscrew.com\/#\/schema\/logo\/image\/\",\"url\":\"https:\/\/zumbaliciouscrew.com\/wp-content\/uploads\/2023\/06\/zumba-logo.png\",\"contentUrl\":\"https:\/\/zumbaliciouscrew.com\/wp-content\/uploads\/2023\/06\/zumba-logo.png\",\"width\":307,\"height\":121,\"caption\":\"Zumbalicious Crew\"},\"image\":{\"@id\":\"https:\/\/zumbaliciouscrew.com\/#\/schema\/logo\/image\/\"}}]}<\/script>\n<!-- \/ Yoast SEO plugin. -->","yoast_head_json":{"title":"Moj ra\u010dun - Zumbalicious Crew","robots":{"index":"index","follow":"follow","max-snippet":"max-snippet:-1","max-image-preview":"max-image-preview:large","max-video-preview":"max-video-preview:-1"},"canonical":"https:\/\/zumbaliciouscrew.com\/en\/moj-racun\/","og_locale":"en_GB","og_type":"article","og_title":"Moj ra\u010dun - Zumbalicious Crew","og_description":"Nadzorna plo\u0161\u010da Naro\u010dila Prenosi Naslovi Podrobnosti ra\u010duna Odjava Nadzorna plo\u0161\u010da Naro\u010dila Prenosi Naslovi Podrobnosti ra\u010duna Odjava Nadzorna plo\u0161\u010da Naro\u010dila Prenosi Naslovi Podrobnosti ra\u010duna Odjava Nadzorna plo\u0161\u010da Naro\u010dila Prenosi Naslovi Podrobnosti ra\u010duna Odjava \u017divijo admin (niste admin? Odjava) V va\u0161i nadzorni plo\u0161\u010di si lahko ogledate nedavna naro\u010dila, upravljate svoje pla\u010dni\u0161ke in dostavne naslove ter urejate svoje [&hellip;]","og_url":"https:\/\/zumbaliciouscrew.com\/en\/moj-racun\/","og_site_name":"Zumbalicious Crew","article_modified_time":"2023-07-14T13:46:59+00:00","twitter_card":"summary_large_image","twitter_misc":{"Estimated reading time":"2 minutes"},"schema":{"@context":"https:\/\/schema.org","@graph":[{"@type":"WebPage","@id":"https:\/\/zumbaliciouscrew.com\/moj-racun\/","url":"https:\/\/zumbaliciouscrew.com\/moj-racun\/","name":"Moj ra\u010dun - Zumbalicious Crew","isPartOf":{"@id":"https:\/\/zumbaliciouscrew.com\/#website"},"datePublished":"2023-06-05T13:19:53+00:00","dateModified":"2023-07-14T13:46:59+00:00","breadcrumb":{"@id":"https:\/\/zumbaliciouscrew.com\/moj-racun\/#breadcrumb"},"inLanguage":"en-GB","potentialAction":[{"@type":"ReadAction","target":["https:\/\/zumbaliciouscrew.com\/moj-racun\/"]}]},{"@type":"BreadcrumbList","@id":"https:\/\/zumbaliciouscrew.com\/moj-racun\/#breadcrumb","itemListElement":[{"@type":"ListItem","position":1,"name":"Home","item":"https:\/\/zumbaliciouscrew.com\/"},{"@type":"ListItem","position":2,"name":"Moj ra\u010dun"}]},{"@type":"WebSite","@id":"https:\/\/zumbaliciouscrew.com\/#website","url":"https:\/\/zumbaliciouscrew.com\/","name":"Zumbalicious Crew","description":"","publisher":{"@id":"https:\/\/zumbaliciouscrew.com\/#organization"},"potentialAction":[{"@type":"SearchAction","target":{"@type":"EntryPoint","urlTemplate":"https:\/\/zumbaliciouscrew.com\/?s={search_term_string}"},"query-input":{"@type":"PropertyValueSpecification","valueRequired":true,"valueName":"search_term_string"}}],"inLanguage":"en-GB"},{"@type":"Organization","@id":"https:\/\/zumbaliciouscrew.com\/#organization","name":"Zumbalicious Crew","url":"https:\/\/zumbaliciouscrew.com\/","logo":{"@type":"ImageObject","inLanguage":"en-GB","@id":"https:\/\/zumbaliciouscrew.com\/#\/schema\/logo\/image\/","url":"https:\/\/zumbaliciouscrew.com\/wp-content\/uploads\/2023\/06\/zumba-logo.png","contentUrl":"https:\/\/zumbaliciouscrew.com\/wp-content\/uploads\/2023\/06\/zumba-logo.png","width":307,"height":121,"caption":"Zumbalicious Crew"},"image":{"@id":"https:\/\/zumbaliciouscrew.com\/#\/schema\/logo\/image\/"}}]}},"_links":{"self":[{"href":"https:\/\/zumbaliciouscrew.com\/en\/wp-json\/wp\/v2\/pages\/221","targetHints":{"allow":["GET"]}}],"collection":[{"href":"https:\/\/zumbaliciouscrew.com\/en\/wp-json\/wp\/v2\/pages"}],"about":[{"href":"https:\/\/zumbaliciouscrew.com\/en\/wp-json\/wp\/v2\/types\/page"}],"author":[{"embeddable":true,"href":"https:\/\/zumbaliciouscrew.com\/en\/wp-json\/wp\/v2\/users\/1"}],"replies":[{"embeddable":true,"href":"https:\/\/zumbaliciouscrew.com\/en\/wp-json\/wp\/v2\/comments?post=221"}],"version-history":[{"count":63,"href":"https:\/\/zumbaliciouscrew.com\/en\/wp-json\/wp\/v2\/pages\/221\/revisions"}],"predecessor-version":[{"id":3927,"href":"https:\/\/zumbaliciouscrew.com\/en\/wp-json\/wp\/v2\/pages\/221\/revisions\/3927"}],"wp:attachment":[{"href":"https:\/\/zumbaliciouscrew.com\/en\/wp-json\/wp\/v2\/media?parent=221"}],"curies":[{"name":"wp","href":"https:\/\/api.w.org\/{rel}","templated":true}]}}