{"id":2846,"date":"2023-07-27T09:37:51","date_gmt":"2023-07-27T07:37:51","guid":{"rendered":"https:\/\/zumbaliciouscrew.com\/?page_id=2846"},"modified":"2023-08-07T14:26:38","modified_gmt":"2023-08-07T12:26:38","slug":"zumba-at-home","status":"publish","type":"page","link":"https:\/\/zumbaliciouscrew.com\/en\/zumba-at-home\/","title":{"rendered":"Zumba at home"},"content":{"rendered":"<div data-elementor-type=\"wp-page\" data-elementor-id=\"2846\" class=\"elementor elementor-2846\" data-elementor-post-type=\"page\">\n\t\t\t\t\t\t<section class=\"elementor-section elementor-top-section elementor-element elementor-element-27c90263 elementor-section-height-min-height elementor-section-items-stretch elementor-section-content-middle elementor-reverse-mobile elementor-reverse-tablet elementor-section-boxed elementor-section-height-default\" data-id=\"27c90263\" data-element_type=\"section\" data-settings=\"{&quot;background_background&quot;:&quot;classic&quot;,&quot;background_motion_fx_motion_fx_mouse&quot;:&quot;yes&quot;,&quot;background_motion_fx_mouseTrack_effect&quot;:&quot;yes&quot;,&quot;background_motion_fx_mouseTrack_speed&quot;:{&quot;unit&quot;:&quot;px&quot;,&quot;size&quot;:&quot;0.3&quot;,&quot;sizes&quot;:[]}}\">\n\t\t\t\t\t\t<div class=\"elementor-container elementor-column-gap-default\">\n\t\t\t\t\t<div class=\"elementor-column elementor-col-50 elementor-top-column elementor-element elementor-element-4acbb157\" data-id=\"4acbb157\" data-element_type=\"column\">\n\t\t\t<div class=\"elementor-widget-wrap elementor-element-populated\">\n\t\t\t\t\t\t<div class=\"elementor-element elementor-element-683b5c6f elementor-widget elementor-widget-heading\" data-id=\"683b5c6f\" data-element_type=\"widget\" data-widget_type=\"heading.default\">\n\t\t\t\t<div class=\"elementor-widget-container\">\n\t\t\t\t\t<h1 class=\"elementor-heading-title elementor-size-default\">Zumba at home<\/h1>\t\t\t\t<\/div>\n\t\t\t\t<\/div>\n\t\t\t\t<div class=\"elementor-element elementor-element-10a67df4 elementor-widget elementor-widget-text-editor\" data-id=\"10a67df4\" data-element_type=\"widget\" data-widget_type=\"text-editor.default\">\n\t\t\t\t<div class=\"elementor-widget-container\">\n\t\t\t\t\t\t\t\t\t<div class=\"vc_empty_space\"><p>Zumba is a fun and effective workout that can help you get in shape and improve your overall fitness. Whether you&#8217;re a beginner or an experienced Zumba enthusiast, you can enjoy the many benefits of this high-energy dance workout from the comfort of your own home.<\/p><p>By following a few simple tips and incorporating Zumba into your home workout routine, you can burn calories, build strength, and improve your cardiovascular health without ever leaving your living room. In this article, we&#8217;ll explore the benefits of Zumba at home and provide some tips and resources to help you get started.<\/p><\/div>\t\t\t\t\t\t\t\t<\/div>\n\t\t\t\t<\/div>\n\t\t\t\t\t<\/div>\n\t\t<\/div>\n\t\t\t\t<div class=\"elementor-column elementor-col-50 elementor-top-column elementor-element elementor-element-17be9929\" data-id=\"17be9929\" data-element_type=\"column\">\n\t\t\t<div class=\"elementor-widget-wrap elementor-element-populated\">\n\t\t\t\t\t\t<div class=\"elementor-element elementor-element-3132d3bd elementor-widget elementor-widget-image\" data-id=\"3132d3bd\" data-element_type=\"widget\" data-settings=\"{&quot;motion_fx_motion_fx_mouse&quot;:&quot;yes&quot;,&quot;motion_fx_tilt_effect&quot;:&quot;yes&quot;,&quot;motion_fx_tilt_speed&quot;:{&quot;unit&quot;:&quot;px&quot;,&quot;size&quot;:&quot;1&quot;,&quot;sizes&quot;:[]},&quot;motion_fx_motion_fx_scrolling&quot;:&quot;yes&quot;,&quot;motion_fx_scale_effect&quot;:&quot;yes&quot;,&quot;motion_fx_scale_speed&quot;:{&quot;unit&quot;:&quot;px&quot;,&quot;size&quot;:&quot;2&quot;,&quot;sizes&quot;:[]},&quot;motion_fx_scale_direction&quot;:&quot;out-in&quot;,&quot;motion_fx_scale_range&quot;:{&quot;unit&quot;:&quot;%&quot;,&quot;size&quot;:&quot;&quot;,&quot;sizes&quot;:{&quot;start&quot;:20,&quot;end&quot;:80}},&quot;motion_fx_devices&quot;:[&quot;desktop&quot;,&quot;tablet&quot;,&quot;mobile&quot;]}\" data-widget_type=\"image.default\">\n\t\t\t\t<div class=\"elementor-widget-container\">\n\t\t\t\t\t\t\t\t\t\t\t\t\t\t\t<img fetchpriority=\"high\" decoding=\"async\" width=\"800\" height=\"800\" src=\"https:\/\/zumbaliciouscrew.com\/wp-content\/uploads\/2023\/07\/Online-vadbe_2-2-1-1024x1024.jpg\" class=\"attachment-large size-large wp-image-1665\" alt=\"\" srcset=\"https:\/\/zumbaliciouscrew.com\/wp-content\/uploads\/2023\/07\/Online-vadbe_2-2-1-1024x1024.jpg 1024w, https:\/\/zumbaliciouscrew.com\/wp-content\/uploads\/2023\/07\/Online-vadbe_2-2-1-300x300.jpg 300w, https:\/\/zumbaliciouscrew.com\/wp-content\/uploads\/2023\/07\/Online-vadbe_2-2-1-150x150.jpg 150w, https:\/\/zumbaliciouscrew.com\/wp-content\/uploads\/2023\/07\/Online-vadbe_2-2-1-768x768.jpg 768w, https:\/\/zumbaliciouscrew.com\/wp-content\/uploads\/2023\/07\/Online-vadbe_2-2-1-600x600.jpg 600w, https:\/\/zumbaliciouscrew.com\/wp-content\/uploads\/2023\/07\/Online-vadbe_2-2-1-100x100.jpg 100w, https:\/\/zumbaliciouscrew.com\/wp-content\/uploads\/2023\/07\/Online-vadbe_2-2-1.jpg 1280w\" sizes=\"(max-width: 800px) 100vw, 800px\" \/>\t\t\t\t\t\t\t\t\t\t\t\t\t\t\t<\/div>\n\t\t\t\t<\/div>\n\t\t\t\t\t<\/div>\n\t\t<\/div>\n\t\t\t\t\t<\/div>\n\t\t<\/section>\n\t\t\t\t<section class=\"elementor-section elementor-top-section elementor-element elementor-element-66fd5dec elementor-section-full_width elementor-section-height-min-height elementor-section-height-default elementor-section-items-middle\" data-id=\"66fd5dec\" data-element_type=\"section\" data-settings=\"{&quot;background_background&quot;:&quot;classic&quot;,&quot;shape_divider_top&quot;:&quot;tilt&quot;,&quot;shape_divider_bottom&quot;:&quot;tilt&quot;}\">\n\t\t\t\t\t\t\t<div class=\"elementor-background-overlay\"><\/div>\n\t\t\t\t\t\t<div class=\"elementor-shape elementor-shape-top\" aria-hidden=\"true\" data-negative=\"false\">\n\t\t\t<svg xmlns=\"http:\/\/www.w3.org\/2000\/svg\" viewbox=\"0 0 1000 100\" preserveaspectratio=\"none\">\n\t<path class=\"elementor-shape-fill\" d=\"M0,6V0h1000v100L0,6z\"\/>\n<\/svg>\t\t<\/div>\n\t\t\t\t<div class=\"elementor-shape elementor-shape-bottom\" aria-hidden=\"true\" data-negative=\"false\">\n\t\t\t<svg xmlns=\"http:\/\/www.w3.org\/2000\/svg\" viewbox=\"0 0 1000 100\" preserveaspectratio=\"none\">\n\t<path class=\"elementor-shape-fill\" d=\"M0,6V0h1000v100L0,6z\"\/>\n<\/svg>\t\t<\/div>\n\t\t\t\t\t<div class=\"elementor-container elementor-column-gap-default\">\n\t\t\t\t\t<div class=\"elementor-column elementor-col-100 elementor-top-column elementor-element elementor-element-7d7a58f5\" data-id=\"7d7a58f5\" data-element_type=\"column\">\n\t\t\t<div class=\"elementor-widget-wrap elementor-element-populated\">\n\t\t\t\t\t\t<div class=\"elementor-element elementor-element-7867af79 elementor-widget elementor-widget-heading\" data-id=\"7867af79\" data-element_type=\"widget\" data-widget_type=\"heading.default\">\n\t\t\t\t<div class=\"elementor-widget-container\">\n\t\t\t\t\t<h2 class=\"elementor-heading-title elementor-size-default\">Benefits of Zumba at Home<\/h2>\t\t\t\t<\/div>\n\t\t\t\t<\/div>\n\t\t\t\t<div class=\"elementor-element elementor-element-17a5cbc4 elementor-widget elementor-widget-text-editor\" data-id=\"17a5cbc4\" data-element_type=\"widget\" data-widget_type=\"text-editor.default\">\n\t\t\t\t<div class=\"elementor-widget-container\">\n\t\t\t\t\t\t\t\t\t<p>One of the biggest benefits of Zumba at home is convenience. You don&#8217;t have to worry about finding a gym or fitness center that offers Zumba classes or adjusting your schedule to fit in a class at a specific time. With Zumba at home, you can work out whenever you want, as often as you want.<\/p><p>Another benefit of Zumba at home is privacy. Some people feel self-conscious working out in a group setting or in front of others. With Zumba at home, you can work out in the comfort and privacy of your own space, without worrying about what others might think.<\/p><p>Finally, Zumba at home can be more affordable than attending a class at a gym or fitness center. While there may be some initial costs for getting started, such as Zumba subscription or streaming services, the overall cost of Zumba at home is often less than the cost of attending a class.<\/p><p>Zumba at home can be a versatile workout that can be adapted to fit your individual needs and fitness level. Whether you prefer a short, 20-minute workout or a longer, more intense 30 or 60-minute session, there are many ways to incorporate Zumba into your home workout routine.<\/p><p>To get started with Zumba at Home, you&#8217;ll need some basic equipment, such as comfortable workout clothes, supportive shoes, and a space to dance. One of the best ways to get started with Zumba at home is to find a few online resources that can help you learn the dance moves and routines. You can find virtual on-demand programs of Zumba for beginners and also websites like YouTube and different fitness apps which offer a variety of Zumba classes and workouts that you can follow along with at home.<\/p>\t\t\t\t\t\t\t\t<\/div>\n\t\t\t\t<\/div>\n\t\t\t\t\t<\/div>\n\t\t<\/div>\n\t\t\t\t\t<\/div>\n\t\t<\/section>\n\t\t\t\t<section class=\"elementor-section elementor-top-section elementor-element elementor-element-558d1775 elementor-section-full_width elementor-section-height-min-height elementor-section-height-default elementor-section-items-middle\" data-id=\"558d1775\" data-element_type=\"section\" data-settings=\"{&quot;background_background&quot;:&quot;classic&quot;,&quot;background_motion_fx_motion_fx_scrolling&quot;:&quot;yes&quot;,&quot;background_motion_fx_translateY_effect&quot;:&quot;yes&quot;,&quot;background_motion_fx_translateY_speed&quot;:{&quot;unit&quot;:&quot;px&quot;,&quot;size&quot;:&quot;1&quot;,&quot;sizes&quot;:[]},&quot;background_motion_fx_translateY_affectedRange&quot;:{&quot;unit&quot;:&quot;%&quot;,&quot;size&quot;:&quot;&quot;,&quot;sizes&quot;:{&quot;start&quot;:0,&quot;end&quot;:100}},&quot;background_motion_fx_devices&quot;:[&quot;desktop&quot;,&quot;tablet&quot;,&quot;mobile&quot;]}\">\n\t\t\t\t\t\t\t<div class=\"elementor-background-overlay\"><\/div>\n\t\t\t\t\t\t\t<div class=\"elementor-container elementor-column-gap-default\">\n\t\t\t\t\t<div class=\"elementor-column elementor-col-100 elementor-top-column elementor-element elementor-element-3e0d66ae\" data-id=\"3e0d66ae\" data-element_type=\"column\">\n\t\t\t<div class=\"elementor-widget-wrap elementor-element-populated\">\n\t\t\t\t\t\t<div class=\"elementor-element elementor-element-3403e1fe elementor-widget elementor-widget-heading\" data-id=\"3403e1fe\" data-element_type=\"widget\" data-widget_type=\"heading.default\">\n\t\t\t\t<div class=\"elementor-widget-container\">\n\t\t\t\t\t<h2 class=\"elementor-heading-title elementor-size-default\">Here are some tips for incorporating Zumba into your home workout routine:<\/h2>\t\t\t\t<\/div>\n\t\t\t\t<\/div>\n\t\t\t\t<div class=\"elementor-element elementor-element-6e03364a elementor-widget elementor-widget-text-editor\" data-id=\"6e03364a\" data-element_type=\"widget\" data-widget_type=\"text-editor.default\">\n\t\t\t\t<div class=\"elementor-widget-container\">\n\t\t\t\t\t\t\t\t\t<p>Start with Zumba Gold\u00ae class: If you&#8217;re new to Zumba, it&#8217;s important to start with a beginner&#8217;s class to learn the basic dance moves and techniques. This will help you build your confidence and skill level so you can progress to more challenging routines.<\/p><p>Set a regular schedule: To see the best results from your Zumba workouts, it&#8217;s important to set a regular schedule and stick to it. Whether you prefer to work out in the morning or evening, make sure to schedule your Zumba workouts at a time when you can stay focused and motivated.<\/p><p>Choose your instructors and music wisely: Zumba is all about the atmosphere and good vibes, so make sure you do it with the instructors who make you feel good, spread good vibes and bring out the best in you. Music is also very important, so make sure to choose songs and playlists that you enjoy and that keep you energized and motivated throughout your workout.<\/p><p>Incorporate other workouts: To get the most out of your Zumba workouts, it&#8217;s important to incorporate other workouts and exercises that can help build strength and improve your overall fitness. This can include strength training, yoga, or pilates.<\/p>\t\t\t\t\t\t\t\t<\/div>\n\t\t\t\t<\/div>\n\t\t\t\t\t<\/div>\n\t\t<\/div>\n\t\t\t\t\t<\/div>\n\t\t<\/section>\n\t\t\t\t<section class=\"elementor-section elementor-top-section elementor-element elementor-element-e517083 elementor-section-full_width elementor-section-height-min-height elementor-section-height-default elementor-section-items-middle\" data-id=\"e517083\" data-element_type=\"section\" data-settings=\"{&quot;background_background&quot;:&quot;classic&quot;,&quot;background_motion_fx_motion_fx_scrolling&quot;:&quot;yes&quot;,&quot;background_motion_fx_translateY_effect&quot;:&quot;yes&quot;,&quot;background_motion_fx_translateY_speed&quot;:{&quot;unit&quot;:&quot;px&quot;,&quot;size&quot;:&quot;1&quot;,&quot;sizes&quot;:[]},&quot;shape_divider_top&quot;:&quot;tilt&quot;,&quot;shape_divider_bottom&quot;:&quot;tilt&quot;,&quot;background_motion_fx_translateY_affectedRange&quot;:{&quot;unit&quot;:&quot;%&quot;,&quot;size&quot;:&quot;&quot;,&quot;sizes&quot;:{&quot;start&quot;:0,&quot;end&quot;:100}},&quot;background_motion_fx_devices&quot;:[&quot;desktop&quot;,&quot;tablet&quot;,&quot;mobile&quot;]}\">\n\t\t\t\t\t\t\t<div class=\"elementor-background-overlay\"><\/div>\n\t\t\t\t\t\t<div class=\"elementor-shape elementor-shape-top\" aria-hidden=\"true\" data-negative=\"false\">\n\t\t\t<svg xmlns=\"http:\/\/www.w3.org\/2000\/svg\" viewbox=\"0 0 1000 100\" preserveaspectratio=\"none\">\n\t<path class=\"elementor-shape-fill\" d=\"M0,6V0h1000v100L0,6z\"\/>\n<\/svg>\t\t<\/div>\n\t\t\t\t<div class=\"elementor-shape elementor-shape-bottom\" aria-hidden=\"true\" data-negative=\"false\">\n\t\t\t<svg xmlns=\"http:\/\/www.w3.org\/2000\/svg\" viewbox=\"0 0 1000 100\" preserveaspectratio=\"none\">\n\t<path class=\"elementor-shape-fill\" d=\"M0,6V0h1000v100L0,6z\"\/>\n<\/svg>\t\t<\/div>\n\t\t\t\t\t<div class=\"elementor-container elementor-column-gap-default\">\n\t\t\t\t\t<div class=\"elementor-column elementor-col-100 elementor-top-column elementor-element elementor-element-9a51c71\" data-id=\"9a51c71\" data-element_type=\"column\">\n\t\t\t<div class=\"elementor-widget-wrap\">\n\t\t\t\t\t\t\t<\/div>\n\t\t<\/div>\n\t\t\t\t\t<\/div>\n\t\t<\/section>\n\t\t\t\t<section class=\"elementor-section elementor-top-section elementor-element elementor-element-c0f733e elementor-section-full_width elementor-section-height-min-height elementor-section-height-default elementor-section-items-middle\" data-id=\"c0f733e\" data-element_type=\"section\" data-settings=\"{&quot;background_background&quot;:&quot;classic&quot;,&quot;background_motion_fx_motion_fx_scrolling&quot;:&quot;yes&quot;,&quot;background_motion_fx_translateY_effect&quot;:&quot;yes&quot;,&quot;background_motion_fx_translateY_speed&quot;:{&quot;unit&quot;:&quot;px&quot;,&quot;size&quot;:&quot;1&quot;,&quot;sizes&quot;:[]},&quot;background_motion_fx_translateY_affectedRange&quot;:{&quot;unit&quot;:&quot;%&quot;,&quot;size&quot;:&quot;&quot;,&quot;sizes&quot;:{&quot;start&quot;:0,&quot;end&quot;:100}},&quot;background_motion_fx_devices&quot;:[&quot;desktop&quot;,&quot;tablet&quot;,&quot;mobile&quot;]}\">\n\t\t\t\t\t\t\t<div class=\"elementor-background-overlay\"><\/div>\n\t\t\t\t\t\t\t<div class=\"elementor-container elementor-column-gap-default\">\n\t\t\t\t\t<div class=\"elementor-column elementor-col-100 elementor-top-column elementor-element elementor-element-41455821\" data-id=\"41455821\" data-element_type=\"column\">\n\t\t\t<div class=\"elementor-widget-wrap elementor-element-populated\">\n\t\t\t\t\t\t<div class=\"elementor-element elementor-element-31fe281f elementor-widget elementor-widget-heading\" data-id=\"31fe281f\" data-element_type=\"widget\" data-widget_type=\"heading.default\">\n\t\t\t\t<div class=\"elementor-widget-container\">\n\t\t\t\t\t<h2 class=\"elementor-heading-title elementor-size-default\">Short but effective: Zumba 20 minute and Zumba 30 minute Workouts<\/h2>\t\t\t\t<\/div>\n\t\t\t\t<\/div>\n\t\t\t\t<div class=\"elementor-element elementor-element-2c72c9bf elementor-widget elementor-widget-text-editor\" data-id=\"2c72c9bf\" data-element_type=\"widget\" data-widget_type=\"text-editor.default\">\n\t\t\t\t<div class=\"elementor-widget-container\">\n\t\t\t\t\t\t\t\t\t<p>Whether you&#8217;re short on time or simply prefer a shorter workout, there are many Zumba routines that can be completed in just 20 minutes or less. These workouts are perfect for busy schedules and can be easily incorporated into your daily routine.<\/p><p>For those who prefer a shorter workout, there are many Zumba routines that can be completed in 30 minutes or less. These workouts are more intense and can help you burn a significant amount of calories in a short amount of time.<\/p>\t\t\t\t\t\t\t\t<\/div>\n\t\t\t\t<\/div>\n\t\t\t\t\t<\/div>\n\t\t<\/div>\n\t\t\t\t\t<\/div>\n\t\t<\/section>\n\t\t\t\t<\/div>","protected":false},"excerpt":{"rendered":"<p>Zumba at home Zumba is a fun and effective workout that can help you get in shape and improve your overall fitness. Whether you&#8217;re a beginner or an experienced Zumba enthusiast, you can enjoy the many benefits of this high-energy dance workout from the comfort of your own home. By following a few simple tips [&hellip;]<\/p>","protected":false},"author":1,"featured_media":0,"parent":0,"menu_order":0,"comment_status":"closed","ping_status":"closed","template":"elementor_header_footer","meta":{"inline_featured_image":false,"footnotes":""},"class_list":["post-2846","page","type-page","status-publish","hentry"],"yoast_head":"<!-- This site is optimized with the Yoast SEO plugin v26.6 - https:\/\/yoast.com\/wordpress\/plugins\/seo\/ -->\n<title>Zumba at home | Zumbalicious crew<\/title>\n<meta name=\"description\" content=\"Zumba at home je popolna re\u0161itev za vse, ki si \u017eelijo ohranjati kondicijo. Pridru\u017eite se na\u0161im spletnim te\u010dajem in spremenite va\u0161 dom v plesi\u0161\u010de!\" \/>\n<meta name=\"robots\" content=\"index, follow, max-snippet:-1, max-image-preview:large, max-video-preview:-1\" \/>\n<link rel=\"canonical\" href=\"https:\/\/zumbaliciouscrew.com\/en\/zumba-at-home\/\" \/>\n<meta property=\"og:locale\" content=\"en_GB\" \/>\n<meta property=\"og:type\" content=\"article\" \/>\n<meta property=\"og:title\" content=\"Zumba at home | Zumbalicious crew\" \/>\n<meta property=\"og:description\" content=\"Zumba at home je popolna re\u0161itev za vse, ki si \u017eelijo ohranjati kondicijo. Pridru\u017eite se na\u0161im spletnim te\u010dajem in spremenite va\u0161 dom v plesi\u0161\u010de!\" \/>\n<meta property=\"og:url\" content=\"https:\/\/zumbaliciouscrew.com\/en\/zumba-at-home\/\" \/>\n<meta property=\"og:site_name\" content=\"Zumbalicious Crew\" \/>\n<meta property=\"article:modified_time\" content=\"2023-08-07T12:26:38+00:00\" \/>\n<meta property=\"og:image\" content=\"https:\/\/zumbaliciouscrew.com\/wp-content\/uploads\/2023\/07\/Online-vadbe_2-2-1-1024x1024.jpg\" \/>\n<meta name=\"twitter:card\" content=\"summary_large_image\" \/>\n<meta name=\"twitter:label1\" content=\"Estimated reading time\" \/>\n\t<meta name=\"twitter:data1\" content=\"5 minutes\" \/>\n<script type=\"application\/ld+json\" class=\"yoast-schema-graph\">{\"@context\":\"https:\/\/schema.org\",\"@graph\":[{\"@type\":\"WebPage\",\"@id\":\"https:\/\/zumbaliciouscrew.com\/zumba-at-home\/\",\"url\":\"https:\/\/zumbaliciouscrew.com\/zumba-at-home\/\",\"name\":\"Zumba at home | Zumbalicious crew\",\"isPartOf\":{\"@id\":\"https:\/\/zumbaliciouscrew.com\/#website\"},\"primaryImageOfPage\":{\"@id\":\"https:\/\/zumbaliciouscrew.com\/zumba-at-home\/#primaryimage\"},\"image\":{\"@id\":\"https:\/\/zumbaliciouscrew.com\/zumba-at-home\/#primaryimage\"},\"thumbnailUrl\":\"https:\/\/zumbaliciouscrew.com\/wp-content\/uploads\/2023\/07\/Online-vadbe_2-2-1-1024x1024.jpg\",\"datePublished\":\"2023-07-27T07:37:51+00:00\",\"dateModified\":\"2023-08-07T12:26:38+00:00\",\"description\":\"Zumba at home je popolna re\u0161itev za vse, ki si \u017eelijo ohranjati kondicijo. Pridru\u017eite se na\u0161im spletnim te\u010dajem in spremenite va\u0161 dom v plesi\u0161\u010de!\",\"breadcrumb\":{\"@id\":\"https:\/\/zumbaliciouscrew.com\/zumba-at-home\/#breadcrumb\"},\"inLanguage\":\"en-GB\",\"potentialAction\":[{\"@type\":\"ReadAction\",\"target\":[\"https:\/\/zumbaliciouscrew.com\/zumba-at-home\/\"]}]},{\"@type\":\"ImageObject\",\"inLanguage\":\"en-GB\",\"@id\":\"https:\/\/zumbaliciouscrew.com\/zumba-at-home\/#primaryimage\",\"url\":\"https:\/\/zumbaliciouscrew.com\/wp-content\/uploads\/2023\/07\/Online-vadbe_2-2-1-1024x1024.jpg\",\"contentUrl\":\"https:\/\/zumbaliciouscrew.com\/wp-content\/uploads\/2023\/07\/Online-vadbe_2-2-1-1024x1024.jpg\"},{\"@type\":\"BreadcrumbList\",\"@id\":\"https:\/\/zumbaliciouscrew.com\/zumba-at-home\/#breadcrumb\",\"itemListElement\":[{\"@type\":\"ListItem\",\"position\":1,\"name\":\"Home\",\"item\":\"https:\/\/zumbaliciouscrew.com\/\"},{\"@type\":\"ListItem\",\"position\":2,\"name\":\"Zumba at home\"}]},{\"@type\":\"WebSite\",\"@id\":\"https:\/\/zumbaliciouscrew.com\/#website\",\"url\":\"https:\/\/zumbaliciouscrew.com\/\",\"name\":\"Zumbalicious Crew\",\"description\":\"\",\"publisher\":{\"@id\":\"https:\/\/zumbaliciouscrew.com\/#organization\"},\"potentialAction\":[{\"@type\":\"SearchAction\",\"target\":{\"@type\":\"EntryPoint\",\"urlTemplate\":\"https:\/\/zumbaliciouscrew.com\/?s={search_term_string}\"},\"query-input\":{\"@type\":\"PropertyValueSpecification\",\"valueRequired\":true,\"valueName\":\"search_term_string\"}}],\"inLanguage\":\"en-GB\"},{\"@type\":\"Organization\",\"@id\":\"https:\/\/zumbaliciouscrew.com\/#organization\",\"name\":\"Zumbalicious Crew\",\"url\":\"https:\/\/zumbaliciouscrew.com\/\",\"logo\":{\"@type\":\"ImageObject\",\"inLanguage\":\"en-GB\",\"@id\":\"https:\/\/zumbaliciouscrew.com\/#\/schema\/logo\/image\/\",\"url\":\"https:\/\/zumbaliciouscrew.com\/wp-content\/uploads\/2023\/06\/zumba-logo.png\",\"contentUrl\":\"https:\/\/zumbaliciouscrew.com\/wp-content\/uploads\/2023\/06\/zumba-logo.png\",\"width\":307,\"height\":121,\"caption\":\"Zumbalicious Crew\"},\"image\":{\"@id\":\"https:\/\/zumbaliciouscrew.com\/#\/schema\/logo\/image\/\"}}]}<\/script>\n<!-- \/ Yoast SEO plugin. -->","yoast_head_json":{"title":"Zumba at home | Zumbalicious crew","description":"No gym? No problem! With Zumba at Home, transform your home into a dance fitness hub. Step, sway, and sweat to your favorite beats! Click here!","robots":{"index":"index","follow":"follow","max-snippet":"max-snippet:-1","max-image-preview":"max-image-preview:large","max-video-preview":"max-video-preview:-1"},"canonical":"https:\/\/zumbaliciouscrew.com\/en\/zumba-at-home\/","og_locale":"en_GB","og_type":"article","og_title":"Zumba at home | Zumbalicious crew","og_description":"Zumba at home je popolna re\u0161itev za vse, ki si \u017eelijo ohranjati kondicijo. Pridru\u017eite se na\u0161im spletnim te\u010dajem in spremenite va\u0161 dom v plesi\u0161\u010de!","og_url":"https:\/\/zumbaliciouscrew.com\/en\/zumba-at-home\/","og_site_name":"Zumbalicious Crew","article_modified_time":"2023-08-07T12:26:38+00:00","og_image":[{"url":"https:\/\/zumbaliciouscrew.com\/wp-content\/uploads\/2023\/07\/Online-vadbe_2-2-1-1024x1024.jpg","type":"","width":"","height":""}],"twitter_card":"summary_large_image","twitter_misc":{"Estimated reading time":"5 minutes"},"schema":{"@context":"https:\/\/schema.org","@graph":[{"@type":"WebPage","@id":"https:\/\/zumbaliciouscrew.com\/zumba-at-home\/","url":"https:\/\/zumbaliciouscrew.com\/zumba-at-home\/","name":"Zumba at home | Zumbalicious crew","isPartOf":{"@id":"https:\/\/zumbaliciouscrew.com\/#website"},"primaryImageOfPage":{"@id":"https:\/\/zumbaliciouscrew.com\/zumba-at-home\/#primaryimage"},"image":{"@id":"https:\/\/zumbaliciouscrew.com\/zumba-at-home\/#primaryimage"},"thumbnailUrl":"https:\/\/zumbaliciouscrew.com\/wp-content\/uploads\/2023\/07\/Online-vadbe_2-2-1-1024x1024.jpg","datePublished":"2023-07-27T07:37:51+00:00","dateModified":"2023-08-07T12:26:38+00:00","description":"No gym? No problem! With Zumba at Home, transform your home into a dance fitness hub. Step, sway, and sweat to your favorite beats! Click here!","breadcrumb":{"@id":"https:\/\/zumbaliciouscrew.com\/zumba-at-home\/#breadcrumb"},"inLanguage":"en-GB","potentialAction":[{"@type":"ReadAction","target":["https:\/\/zumbaliciouscrew.com\/zumba-at-home\/"]}]},{"@type":"ImageObject","inLanguage":"en-GB","@id":"https:\/\/zumbaliciouscrew.com\/zumba-at-home\/#primaryimage","url":"https:\/\/zumbaliciouscrew.com\/wp-content\/uploads\/2023\/07\/Online-vadbe_2-2-1-1024x1024.jpg","contentUrl":"https:\/\/zumbaliciouscrew.com\/wp-content\/uploads\/2023\/07\/Online-vadbe_2-2-1-1024x1024.jpg"},{"@type":"BreadcrumbList","@id":"https:\/\/zumbaliciouscrew.com\/zumba-at-home\/#breadcrumb","itemListElement":[{"@type":"ListItem","position":1,"name":"Home","item":"https:\/\/zumbaliciouscrew.com\/"},{"@type":"ListItem","position":2,"name":"Zumba at home"}]},{"@type":"WebSite","@id":"https:\/\/zumbaliciouscrew.com\/#website","url":"https:\/\/zumbaliciouscrew.com\/","name":"Zumbalicious Crew","description":"","publisher":{"@id":"https:\/\/zumbaliciouscrew.com\/#organization"},"potentialAction":[{"@type":"SearchAction","target":{"@type":"EntryPoint","urlTemplate":"https:\/\/zumbaliciouscrew.com\/?s={search_term_string}"},"query-input":{"@type":"PropertyValueSpecification","valueRequired":true,"valueName":"search_term_string"}}],"inLanguage":"en-GB"},{"@type":"Organization","@id":"https:\/\/zumbaliciouscrew.com\/#organization","name":"Zumbalicious Crew","url":"https:\/\/zumbaliciouscrew.com\/","logo":{"@type":"ImageObject","inLanguage":"en-GB","@id":"https:\/\/zumbaliciouscrew.com\/#\/schema\/logo\/image\/","url":"https:\/\/zumbaliciouscrew.com\/wp-content\/uploads\/2023\/06\/zumba-logo.png","contentUrl":"https:\/\/zumbaliciouscrew.com\/wp-content\/uploads\/2023\/06\/zumba-logo.png","width":307,"height":121,"caption":"Zumbalicious Crew"},"image":{"@id":"https:\/\/zumbaliciouscrew.com\/#\/schema\/logo\/image\/"}}]}},"_links":{"self":[{"href":"https:\/\/zumbaliciouscrew.com\/en\/wp-json\/wp\/v2\/pages\/2846","targetHints":{"allow":["GET"]}}],"collection":[{"href":"https:\/\/zumbaliciouscrew.com\/en\/wp-json\/wp\/v2\/pages"}],"about":[{"href":"https:\/\/zumbaliciouscrew.com\/en\/wp-json\/wp\/v2\/types\/page"}],"author":[{"embeddable":true,"href":"https:\/\/zumbaliciouscrew.com\/en\/wp-json\/wp\/v2\/users\/1"}],"replies":[{"embeddable":true,"href":"https:\/\/zumbaliciouscrew.com\/en\/wp-json\/wp\/v2\/comments?post=2846"}],"version-history":[{"count":11,"href":"https:\/\/zumbaliciouscrew.com\/en\/wp-json\/wp\/v2\/pages\/2846\/revisions"}],"predecessor-version":[{"id":3206,"href":"https:\/\/zumbaliciouscrew.com\/en\/wp-json\/wp\/v2\/pages\/2846\/revisions\/3206"}],"wp:attachment":[{"href":"https:\/\/zumbaliciouscrew.com\/en\/wp-json\/wp\/v2\/media?parent=2846"}],"curies":[{"name":"wp","href":"https:\/\/api.w.org\/{rel}","templated":true}]}}