{"id":21733,"date":"2025-11-14T10:18:07","date_gmt":"2025-11-14T08:18:07","guid":{"rendered":"https:\/\/zumbaliciouscrew.com\/?post_type=product&#038;p=21733"},"modified":"2025-12-08T14:32:14","modified_gmt":"2025-12-08T12:32:14","slug":"zumba-masterclass-2026-zjbachata","status":"publish","type":"product","link":"https:\/\/zumbaliciouscrew.com\/en\/trgovina\/dogodki\/zumba-masterclass-2026-zjbachata\/","title":{"rendered":"ZUMBA\u00ae MASTERCLASS 2026: CARLOS HENRIQUEZ (ZJ BACHATA)"},"content":{"rendered":"<p><span style=\"font-weight: 400;\">The internationally recognized Zumba\u00ae Jammer from the Dominican Republic, <\/span><b>Carlos Henriquez \u2013 ZJ Bachata, is coming to Slovenia<\/b><span style=\"font-weight: 400;\">!<\/span><\/p>\n<p><span style=\"font-weight: 400;\">In fall 2026, we invite all Zumba enthusiasts to experience an unforgettable <\/span><b>ZUMBA\u00ae MASTERCLASS<\/b><span style=\"font-weight: 400;\"> with Carlos and the Zumbalicious Crew. Born in Santo Domingo, the birthplace of bachata, Carlos built his dance foundation through folkloric training and the Dominican Republic\u2019s National Ballet School. After moving to Canada, he developed a successful international career as a fitness instructor, Zumba\u00ae Instructor, and Zumba\u00ae Jammer, sharing his choreography and authentic bachata style with ZIN\u2122 members worldwide. Known worldwide as <\/span><b>El Bachatu<\/b><span style=\"font-weight: 400;\">, he has inspired thousands across the globe with his authentic movement, charisma, and unique bachata style.<\/span><\/p>\n<p><span style=\"font-weight: 400;\">Join the event and let yourself be swept away by his infectious energy, professionalism, and signature bachata-infused Zumba choreographies that bring true Dominican flavour to every step!<\/span><\/p>\n<p><span style=\"font-weight: 400;\">ZIN members - contact us for a special offer!\u00a0<\/span><\/p>","protected":false},"excerpt":{"rendered":"<p><span style=\"font-weight: 400;\">The internationally recognized Zumba\u00ae Jammer from the Dominican Republic, <\/span><b>Carlos Henriquez \u2013 ZJ Bachata, is coming to Slovenia<\/b><span style=\"font-weight: 400;\">!<\/span><\/p>\n<p><span style=\"font-weight: 400;\">In fall 2026, we invite all Zumba enthusiasts to experience an unforgettable <\/span><b>ZUMBA\u00ae MASTERCLASS<\/b><span style=\"font-weight: 400;\"> with Carlos and the Zumbalicious Crew. Born in Santo Domingo, the birthplace of bachata, Carlos built his dance foundation through folkloric training and the Dominican Republic\u2019s National Ballet School. After moving to Canada, he developed a successful international career as a fitness instructor, Zumba\u00ae Instructor, and Zumba\u00ae Jammer, sharing his choreography and authentic bachata style with ZIN\u2122 members worldwide. Known worldwide as <\/span><b>El Bachatu<\/b><span style=\"font-weight: 400;\">, he has inspired thousands across the globe with his authentic movement, charisma, and unique bachata style.<\/span><\/p>\n<p><span style=\"font-weight: 400;\">Join the event and let yourself be swept away by his infectious energy, professionalism, and signature bachata-infused Zumba choreographies that bring true Dominican flavour to every step!<\/span><\/p>\n<p><span style=\"font-weight: 400;\">ZIN members - contact us for a special offer!\u00a0<\/span><\/p>","protected":false},"featured_media":21855,"template":"","meta":{"inline_featured_image":false},"product_brand":[],"product_cat":[27],"product_tag":[66],"class_list":{"0":"post-21733","1":"product","2":"type-product","3":"status-publish","4":"has-post-thumbnail","6":"product_cat-dogodki","7":"product_tag-dogodki","8":"pa_trajanje-enkratno","10":"first","11":"instock","12":"sale","13":"downloadable","14":"virtual","15":"purchasable","16":"product-type-simple"},"yoast_head":"<!-- This site is optimized with the Yoast SEO plugin v26.6 - https:\/\/yoast.com\/wordpress\/plugins\/seo\/ -->\n<title>ZUMBA\u00ae MASTERCLASS 2026: CARLOS HENRIQUEZ (ZJ BACHATA) - Zumbalicious Crew<\/title>\n<meta name=\"robots\" content=\"index, follow, max-snippet:-1, max-image-preview:large, max-video-preview:-1\" \/>\n<link rel=\"canonical\" href=\"https:\/\/zumbaliciouscrew.com\/en\/trgovina\/dogodki\/zumba-masterclass-2026-zjbachata\/\" \/>\n<meta property=\"og:locale\" content=\"en_GB\" \/>\n<meta property=\"og:type\" content=\"article\" \/>\n<meta property=\"og:title\" content=\"ZUMBA\u00ae MASTERCLASS 2026: CARLOS HENRIQUEZ (ZJ BACHATA) - Zumbalicious Crew\" \/>\n<meta property=\"og:description\" content=\"V Slovenijo prihaja svetovno znan Zumba\u00ae Jammer iz Dominikanske Republike - Carlos Henriquez (ZJ Bachata)!  Jeseni 2026 vabimo vse Zumba navdu\u0161ence na nepozaben ZUMBA\u00ae MASTERCLASS s Carlosom in Zumbalicious Crew. Carlos, rojen v Santo Domingu, rojstnem kraju bachate, je svojo plesno osnovo zgradil skozi folklorne plesne treninge in \u0161olanje na Nacionalni baletni \u0161oli Dominikanske republike. Po selitvi v Kanado je razvil uspe\u0161no mednarodno kariero kot fitnes in\u0161truktor, Zumba\u00ae in\u0161truktor in Zumba\u00ae Jammer, svoje koreografije in pristni bachata stil pa deli z ZIN&#x2122; \u010dlani po vsem svetu. Po svetu je znan kot El Bachatu, ki s pristnim gibanjem, karizmo in edinstvenim bachata stilom navdihuje tiso\u010de ljudi.  Pridru\u017eite se dogodku in se prepustite njegovi nalezljivi energiji, profesionalnosti in zna\u010dilnim Zumba koreografijam s pridihom bachate, ki v vsak korak prinesejo pravi dominikanski temperament!  ZIN \u010dlani - kontaktirajte nas za posebno ponudbo!\u00a0\" \/>\n<meta property=\"og:url\" content=\"https:\/\/zumbaliciouscrew.com\/en\/trgovina\/dogodki\/zumba-masterclass-2026-zjbachata\/\" \/>\n<meta property=\"og:site_name\" content=\"Zumbalicious Crew\" \/>\n<meta property=\"article:modified_time\" content=\"2025-12-08T12:32:14+00:00\" \/>\n<meta property=\"og:image\" content=\"https:\/\/zumbaliciouscrew.com\/wp-content\/uploads\/2025\/11\/Zumba-Masterclass-with-ZJ-Bachata-_produkt-za-spletno-stran-1.png\" \/>\n\t<meta property=\"og:image:width\" content=\"1200\" \/>\n\t<meta property=\"og:image:height\" content=\"1200\" \/>\n\t<meta property=\"og:image:type\" content=\"image\/png\" \/>\n<meta name=\"twitter:card\" content=\"summary_large_image\" \/>\n<meta name=\"twitter:label1\" content=\"Estimated reading time\" \/>\n\t<meta name=\"twitter:data1\" content=\"1 minute\" \/>\n<script type=\"application\/ld+json\" class=\"yoast-schema-graph\">{\"@context\":\"https:\/\/schema.org\",\"@graph\":[{\"@type\":\"WebPage\",\"@id\":\"https:\/\/zumbaliciouscrew.com\/trgovina\/dogodki\/zumba-masterclass-2026-zjbachata\/\",\"url\":\"https:\/\/zumbaliciouscrew.com\/trgovina\/dogodki\/zumba-masterclass-2026-zjbachata\/\",\"name\":\"ZUMBA\u00ae MASTERCLASS 2026: CARLOS HENRIQUEZ (ZJ BACHATA) - Zumbalicious Crew\",\"isPartOf\":{\"@id\":\"https:\/\/zumbaliciouscrew.com\/#website\"},\"primaryImageOfPage\":{\"@id\":\"https:\/\/zumbaliciouscrew.com\/trgovina\/dogodki\/zumba-masterclass-2026-zjbachata\/#primaryimage\"},\"image\":{\"@id\":\"https:\/\/zumbaliciouscrew.com\/trgovina\/dogodki\/zumba-masterclass-2026-zjbachata\/#primaryimage\"},\"thumbnailUrl\":\"https:\/\/zumbaliciouscrew.com\/wp-content\/uploads\/2025\/11\/Zumba-Masterclass-with-ZJ-Bachata-_produkt-za-spletno-stran-1.png\",\"datePublished\":\"2025-11-14T08:18:07+00:00\",\"dateModified\":\"2025-12-08T12:32:14+00:00\",\"breadcrumb\":{\"@id\":\"https:\/\/zumbaliciouscrew.com\/trgovina\/dogodki\/zumba-masterclass-2026-zjbachata\/#breadcrumb\"},\"inLanguage\":\"en-GB\",\"potentialAction\":[{\"@type\":\"ReadAction\",\"target\":[\"https:\/\/zumbaliciouscrew.com\/trgovina\/dogodki\/zumba-masterclass-2026-zjbachata\/\"]}]},{\"@type\":\"ImageObject\",\"inLanguage\":\"en-GB\",\"@id\":\"https:\/\/zumbaliciouscrew.com\/trgovina\/dogodki\/zumba-masterclass-2026-zjbachata\/#primaryimage\",\"url\":\"https:\/\/zumbaliciouscrew.com\/wp-content\/uploads\/2025\/11\/Zumba-Masterclass-with-ZJ-Bachata-_produkt-za-spletno-stran-1.png\",\"contentUrl\":\"https:\/\/zumbaliciouscrew.com\/wp-content\/uploads\/2025\/11\/Zumba-Masterclass-with-ZJ-Bachata-_produkt-za-spletno-stran-1.png\",\"width\":1200,\"height\":1200},{\"@type\":\"BreadcrumbList\",\"@id\":\"https:\/\/zumbaliciouscrew.com\/trgovina\/dogodki\/zumba-masterclass-2026-zjbachata\/#breadcrumb\",\"itemListElement\":[{\"@type\":\"ListItem\",\"position\":1,\"name\":\"Home\",\"item\":\"https:\/\/zumbaliciouscrew.com\/\"},{\"@type\":\"ListItem\",\"position\":2,\"name\":\"Trgovina\",\"item\":\"https:\/\/zumbaliciouscrew.com\/trgovina\/\"},{\"@type\":\"ListItem\",\"position\":3,\"name\":\"ZUMBA\u00ae MASTERCLASS 2026: CARLOS HENRIQUEZ (ZJ BACHATA)\"}]},{\"@type\":\"WebSite\",\"@id\":\"https:\/\/zumbaliciouscrew.com\/#website\",\"url\":\"https:\/\/zumbaliciouscrew.com\/\",\"name\":\"Zumbalicious Crew\",\"description\":\"\",\"publisher\":{\"@id\":\"https:\/\/zumbaliciouscrew.com\/#organization\"},\"potentialAction\":[{\"@type\":\"SearchAction\",\"target\":{\"@type\":\"EntryPoint\",\"urlTemplate\":\"https:\/\/zumbaliciouscrew.com\/?s={search_term_string}\"},\"query-input\":{\"@type\":\"PropertyValueSpecification\",\"valueRequired\":true,\"valueName\":\"search_term_string\"}}],\"inLanguage\":\"en-GB\"},{\"@type\":\"Organization\",\"@id\":\"https:\/\/zumbaliciouscrew.com\/#organization\",\"name\":\"Zumbalicious Crew\",\"url\":\"https:\/\/zumbaliciouscrew.com\/\",\"logo\":{\"@type\":\"ImageObject\",\"inLanguage\":\"en-GB\",\"@id\":\"https:\/\/zumbaliciouscrew.com\/#\/schema\/logo\/image\/\",\"url\":\"https:\/\/zumbaliciouscrew.com\/wp-content\/uploads\/2023\/06\/zumba-logo.png\",\"contentUrl\":\"https:\/\/zumbaliciouscrew.com\/wp-content\/uploads\/2023\/06\/zumba-logo.png\",\"width\":307,\"height\":121,\"caption\":\"Zumbalicious Crew\"},\"image\":{\"@id\":\"https:\/\/zumbaliciouscrew.com\/#\/schema\/logo\/image\/\"}}]}<\/script>\n<!-- \/ Yoast SEO plugin. -->","yoast_head_json":{"title":"ZUMBA\u00ae MASTERCLASS 2026: CARLOS HENRIQUEZ (ZJ BACHATA) - Zumbalicious Crew","robots":{"index":"index","follow":"follow","max-snippet":"max-snippet:-1","max-image-preview":"max-image-preview:large","max-video-preview":"max-video-preview:-1"},"canonical":"https:\/\/zumbaliciouscrew.com\/en\/trgovina\/dogodki\/zumba-masterclass-2026-zjbachata\/","og_locale":"en_GB","og_type":"article","og_title":"ZUMBA\u00ae MASTERCLASS 2026: CARLOS HENRIQUEZ (ZJ BACHATA) - Zumbalicious Crew","og_description":"V Slovenijo prihaja svetovno znan Zumba\u00ae Jammer iz Dominikanske Republike - Carlos Henriquez (ZJ Bachata)!  Jeseni 2026 vabimo vse Zumba navdu\u0161ence na nepozaben ZUMBA\u00ae MASTERCLASS s Carlosom in Zumbalicious Crew. Carlos, rojen v Santo Domingu, rojstnem kraju bachate, je svojo plesno osnovo zgradil skozi folklorne plesne treninge in \u0161olanje na Nacionalni baletni \u0161oli Dominikanske republike. Po selitvi v Kanado je razvil uspe\u0161no mednarodno kariero kot fitnes in\u0161truktor, Zumba\u00ae in\u0161truktor in Zumba\u00ae Jammer, svoje koreografije in pristni bachata stil pa deli z ZIN&#x2122; \u010dlani po vsem svetu. Po svetu je znan kot El Bachatu, ki s pristnim gibanjem, karizmo in edinstvenim bachata stilom navdihuje tiso\u010de ljudi.  Pridru\u017eite se dogodku in se prepustite njegovi nalezljivi energiji, profesionalnosti in zna\u010dilnim Zumba koreografijam s pridihom bachate, ki v vsak korak prinesejo pravi dominikanski temperament!  ZIN \u010dlani - kontaktirajte nas za posebno ponudbo!\u00a0","og_url":"https:\/\/zumbaliciouscrew.com\/en\/trgovina\/dogodki\/zumba-masterclass-2026-zjbachata\/","og_site_name":"Zumbalicious Crew","article_modified_time":"2025-12-08T12:32:14+00:00","og_image":[{"width":1200,"height":1200,"url":"https:\/\/zumbaliciouscrew.com\/wp-content\/uploads\/2025\/11\/Zumba-Masterclass-with-ZJ-Bachata-_produkt-za-spletno-stran-1.png","type":"image\/png"}],"twitter_card":"summary_large_image","twitter_misc":{"Estimated reading time":"1 minute"},"schema":{"@context":"https:\/\/schema.org","@graph":[{"@type":"WebPage","@id":"https:\/\/zumbaliciouscrew.com\/trgovina\/dogodki\/zumba-masterclass-2026-zjbachata\/","url":"https:\/\/zumbaliciouscrew.com\/trgovina\/dogodki\/zumba-masterclass-2026-zjbachata\/","name":"ZUMBA\u00ae MASTERCLASS 2026: CARLOS HENRIQUEZ (ZJ BACHATA) - Zumbalicious Crew","isPartOf":{"@id":"https:\/\/zumbaliciouscrew.com\/#website"},"primaryImageOfPage":{"@id":"https:\/\/zumbaliciouscrew.com\/trgovina\/dogodki\/zumba-masterclass-2026-zjbachata\/#primaryimage"},"image":{"@id":"https:\/\/zumbaliciouscrew.com\/trgovina\/dogodki\/zumba-masterclass-2026-zjbachata\/#primaryimage"},"thumbnailUrl":"https:\/\/zumbaliciouscrew.com\/wp-content\/uploads\/2025\/11\/Zumba-Masterclass-with-ZJ-Bachata-_produkt-za-spletno-stran-1.png","datePublished":"2025-11-14T08:18:07+00:00","dateModified":"2025-12-08T12:32:14+00:00","breadcrumb":{"@id":"https:\/\/zumbaliciouscrew.com\/trgovina\/dogodki\/zumba-masterclass-2026-zjbachata\/#breadcrumb"},"inLanguage":"en-GB","potentialAction":[{"@type":"ReadAction","target":["https:\/\/zumbaliciouscrew.com\/trgovina\/dogodki\/zumba-masterclass-2026-zjbachata\/"]}]},{"@type":"ImageObject","inLanguage":"en-GB","@id":"https:\/\/zumbaliciouscrew.com\/trgovina\/dogodki\/zumba-masterclass-2026-zjbachata\/#primaryimage","url":"https:\/\/zumbaliciouscrew.com\/wp-content\/uploads\/2025\/11\/Zumba-Masterclass-with-ZJ-Bachata-_produkt-za-spletno-stran-1.png","contentUrl":"https:\/\/zumbaliciouscrew.com\/wp-content\/uploads\/2025\/11\/Zumba-Masterclass-with-ZJ-Bachata-_produkt-za-spletno-stran-1.png","width":1200,"height":1200},{"@type":"BreadcrumbList","@id":"https:\/\/zumbaliciouscrew.com\/trgovina\/dogodki\/zumba-masterclass-2026-zjbachata\/#breadcrumb","itemListElement":[{"@type":"ListItem","position":1,"name":"Home","item":"https:\/\/zumbaliciouscrew.com\/"},{"@type":"ListItem","position":2,"name":"Trgovina","item":"https:\/\/zumbaliciouscrew.com\/trgovina\/"},{"@type":"ListItem","position":3,"name":"ZUMBA\u00ae MASTERCLASS 2026: CARLOS HENRIQUEZ (ZJ BACHATA)"}]},{"@type":"WebSite","@id":"https:\/\/zumbaliciouscrew.com\/#website","url":"https:\/\/zumbaliciouscrew.com\/","name":"Zumbalicious Crew","description":"","publisher":{"@id":"https:\/\/zumbaliciouscrew.com\/#organization"},"potentialAction":[{"@type":"SearchAction","target":{"@type":"EntryPoint","urlTemplate":"https:\/\/zumbaliciouscrew.com\/?s={search_term_string}"},"query-input":{"@type":"PropertyValueSpecification","valueRequired":true,"valueName":"search_term_string"}}],"inLanguage":"en-GB"},{"@type":"Organization","@id":"https:\/\/zumbaliciouscrew.com\/#organization","name":"Zumbalicious Crew","url":"https:\/\/zumbaliciouscrew.com\/","logo":{"@type":"ImageObject","inLanguage":"en-GB","@id":"https:\/\/zumbaliciouscrew.com\/#\/schema\/logo\/image\/","url":"https:\/\/zumbaliciouscrew.com\/wp-content\/uploads\/2023\/06\/zumba-logo.png","contentUrl":"https:\/\/zumbaliciouscrew.com\/wp-content\/uploads\/2023\/06\/zumba-logo.png","width":307,"height":121,"caption":"Zumbalicious Crew"},"image":{"@id":"https:\/\/zumbaliciouscrew.com\/#\/schema\/logo\/image\/"}}]}},"_links":{"self":[{"href":"https:\/\/zumbaliciouscrew.com\/en\/wp-json\/wp\/v2\/product\/21733","targetHints":{"allow":["GET"]}}],"collection":[{"href":"https:\/\/zumbaliciouscrew.com\/en\/wp-json\/wp\/v2\/product"}],"about":[{"href":"https:\/\/zumbaliciouscrew.com\/en\/wp-json\/wp\/v2\/types\/product"}],"wp:featuredmedia":[{"embeddable":true,"href":"https:\/\/zumbaliciouscrew.com\/en\/wp-json\/wp\/v2\/media\/21855"}],"wp:attachment":[{"href":"https:\/\/zumbaliciouscrew.com\/en\/wp-json\/wp\/v2\/media?parent=21733"}],"wp:term":[{"taxonomy":"product_brand","embeddable":true,"href":"https:\/\/zumbaliciouscrew.com\/en\/wp-json\/wp\/v2\/product_brand?post=21733"},{"taxonomy":"product_cat","embeddable":true,"href":"https:\/\/zumbaliciouscrew.com\/en\/wp-json\/wp\/v2\/product_cat?post=21733"},{"taxonomy":"product_tag","embeddable":true,"href":"https:\/\/zumbaliciouscrew.com\/en\/wp-json\/wp\/v2\/product_tag?post=21733"}],"curies":[{"name":"wp","href":"https:\/\/api.w.org\/{rel}","templated":true}]}}