{"id":2613,"date":"2023-07-26T11:03:41","date_gmt":"2023-07-26T09:03:41","guid":{"rendered":"https:\/\/zumbaliciouscrew.com\/?post_type=product&#038;p=2613"},"modified":"2025-10-28T15:14:55","modified_gmt":"2025-10-28T13:14:55","slug":"darilni-bon","status":"publish","type":"product","link":"https:\/\/zumbaliciouscrew.com\/en\/trgovina\/darilni-boni\/darilni-bon\/","title":{"rendered":"Gift Card"},"content":{"rendered":"<p>Darilni bon 40\u20ac vklju\u010duje mese\u010dno karto 1x tedensko (CIRCL MOBILITY\u2122)<\/p>\n<p>Darilni bon 46\u20ac vklju\u010duje mese\u010dno karto 1x tedensko (ZUMBA\u00ae \/ ZUMBA\u00ae GOLD)<\/p>\n<p>Darilni bon 65\u20ac vklju\u010duje mese\u010dno karto 2x tedensko (CIRCL MOBILITY\u2122)<\/p>\n<p>Darilni bon 71\u20ac vklju\u010duje mese\u010dno karto neomejeno (ZUMBA\u00ae \/ ZUMBA\u00ae GOLD \/ CIRCL MOBILITY\u2122)<\/p>\n<p>Darilni bon 95\u20ac vklju\u010duje 3 mese\u010dno karto 1x tedensko\u00a0 (CIRCL MOBILITY\u2122)<\/p>\n<p>Darilni bon 127\u20ac vklju\u010duje 3 mese\u010dno karto 1x tedensko\u00a0 (ZUMBA\u00ae \/ ZUMBA\u00ae GOLD)<\/p>\n<p>Darilni bon 155\u20ac vklju\u010duje 3 mese\u010dno karto 2x tedensko\u00a0 (CIRCL MOBILITY\u2122)<\/p>\n<p>Darilni bon 193\u20ac vklju\u010duje 3 mese\u010dno karto neomejeno (ZUMBA\u00ae \/ ZUMBA\u00ae GOLD \/ CIRCL MOBILITY\u2122)<\/p>\n<p>Darilni bon 455\u20ac vklju\u010duje sezonsko karto neomejeno (ZUMBA\u00ae \/ ZUMBA\u00ae GOLD \/ CIRCL MOBILITY\u2122)<\/p>","protected":false},"excerpt":{"rendered":"<p>LOOKING FOR A GIFT IDEA FOR YOUR FRIENDS OR CLOSE ONES?<\/p>\n<p>Zumbalicious Crew gift card is a great idea for a holiday, birthday, or any other gift opportunity.<\/p>\n<p>We can adjust the gift card to your wishes - you can choose between different prices related to our products (monthly passes, 3-monthly passes and season pass)<\/p>\n<p>Give your friends and family a dose of positive energy, good vibes, and dancing to great music!<\/p>","protected":false},"featured_media":2612,"template":"","meta":{"inline_featured_image":false},"product_brand":[],"product_cat":[44],"product_tag":[56,32,31],"class_list":{"0":"post-2613","1":"product","2":"type-product","3":"status-publish","4":"has-post-thumbnail","6":"product_cat-darilni-boni","7":"product_tag-circl-mobility","8":"product_tag-zumba","9":"product_tag-zumba-gold","10":"pa_trajanje-brez-omejitve","11":"pa_vrednost-darilni-bon-127e","12":"pa_vrednost-darilni-bon-155e","13":"pa_vrednost-darilni-bon-193e","14":"pa_vrednost-darilni-bon-40e","15":"pa_vrednost-darilni-bon-455e","16":"pa_vrednost-darilni-bon-46e","17":"pa_vrednost-darilni-bon-65e","18":"pa_vrednost-darilni-bon-71e","19":"pa_vrednost-darilni-bon-95e","21":"first","22":"instock","23":"taxable","24":"shipping-taxable","25":"purchasable","26":"product-type-variable"},"yoast_head":"<!-- This site is optimized with the Yoast SEO plugin v26.6 - https:\/\/yoast.com\/wordpress\/plugins\/seo\/ -->\n<title>Darilni bon - Zumbalicious Crew<\/title>\n<meta name=\"robots\" content=\"index, follow, max-snippet:-1, max-image-preview:large, max-video-preview:-1\" \/>\n<link rel=\"canonical\" href=\"https:\/\/zumbaliciouscrew.com\/en\/trgovina\/darilni-boni\/darilni-bon\/\" \/>\n<meta property=\"og:locale\" content=\"en_GB\" \/>\n<meta property=\"og:type\" content=\"article\" \/>\n<meta property=\"og:title\" content=\"Darilni bon - Zumbalicious Crew\" \/>\n<meta property=\"og:description\" content=\"I\u0160\u010cE\u0160 IDEJO ZA DARILO ZA PRIJATELJE ALI SVOJE BLI\u017dNJE?  Zumbalicious Crew darilni bon je odli\u010dna ideja za prazni\u010dno, rojstnodnevno ali drugo darilo.  Bon popolnoma prilagodimo tvojim \u017eeljam in potrebam. Podari\u0161 lahko mese\u010dno, 3 mese\u010dno ali sezonsko vadbo. Izberi produkt in \u0161tevilo kosov, ki ti ustrezajo.  Podari svojim prijateljem in dru\u017eini dozo pozitivne energije, dobrih vibracij in plesa na dobro glasbo!\" \/>\n<meta property=\"og:url\" content=\"https:\/\/zumbaliciouscrew.com\/en\/trgovina\/darilni-boni\/darilni-bon\/\" \/>\n<meta property=\"og:site_name\" content=\"Zumbalicious Crew\" \/>\n<meta property=\"article:modified_time\" content=\"2025-10-28T13:14:55+00:00\" \/>\n<meta property=\"og:image\" content=\"https:\/\/zumbaliciouscrew.com\/wp-content\/uploads\/2023\/07\/darilni-bon-product.jpg\" \/>\n\t<meta property=\"og:image:width\" content=\"1080\" \/>\n\t<meta property=\"og:image:height\" content=\"1080\" \/>\n\t<meta property=\"og:image:type\" content=\"image\/jpeg\" \/>\n<meta name=\"twitter:card\" content=\"summary_large_image\" \/>\n<meta name=\"twitter:label1\" content=\"Estimated reading time\" \/>\n\t<meta name=\"twitter:data1\" content=\"1 minute\" \/>\n<script type=\"application\/ld+json\" class=\"yoast-schema-graph\">{\"@context\":\"https:\/\/schema.org\",\"@graph\":[{\"@type\":\"WebPage\",\"@id\":\"https:\/\/zumbaliciouscrew.com\/trgovina\/darilni-boni\/darilni-bon\/\",\"url\":\"https:\/\/zumbaliciouscrew.com\/trgovina\/darilni-boni\/darilni-bon\/\",\"name\":\"Darilni bon - Zumbalicious Crew\",\"isPartOf\":{\"@id\":\"https:\/\/zumbaliciouscrew.com\/#website\"},\"primaryImageOfPage\":{\"@id\":\"https:\/\/zumbaliciouscrew.com\/trgovina\/darilni-boni\/darilni-bon\/#primaryimage\"},\"image\":{\"@id\":\"https:\/\/zumbaliciouscrew.com\/trgovina\/darilni-boni\/darilni-bon\/#primaryimage\"},\"thumbnailUrl\":\"https:\/\/zumbaliciouscrew.com\/wp-content\/uploads\/2023\/07\/darilni-bon-product.jpg\",\"datePublished\":\"2023-07-26T09:03:41+00:00\",\"dateModified\":\"2025-10-28T13:14:55+00:00\",\"breadcrumb\":{\"@id\":\"https:\/\/zumbaliciouscrew.com\/trgovina\/darilni-boni\/darilni-bon\/#breadcrumb\"},\"inLanguage\":\"en-GB\",\"potentialAction\":[{\"@type\":\"ReadAction\",\"target\":[\"https:\/\/zumbaliciouscrew.com\/trgovina\/darilni-boni\/darilni-bon\/\"]}]},{\"@type\":\"ImageObject\",\"inLanguage\":\"en-GB\",\"@id\":\"https:\/\/zumbaliciouscrew.com\/trgovina\/darilni-boni\/darilni-bon\/#primaryimage\",\"url\":\"https:\/\/zumbaliciouscrew.com\/wp-content\/uploads\/2023\/07\/darilni-bon-product.jpg\",\"contentUrl\":\"https:\/\/zumbaliciouscrew.com\/wp-content\/uploads\/2023\/07\/darilni-bon-product.jpg\",\"width\":1080,\"height\":1080},{\"@type\":\"BreadcrumbList\",\"@id\":\"https:\/\/zumbaliciouscrew.com\/trgovina\/darilni-boni\/darilni-bon\/#breadcrumb\",\"itemListElement\":[{\"@type\":\"ListItem\",\"position\":1,\"name\":\"Home\",\"item\":\"https:\/\/zumbaliciouscrew.com\/\"},{\"@type\":\"ListItem\",\"position\":2,\"name\":\"Trgovina\",\"item\":\"https:\/\/zumbaliciouscrew.com\/trgovina\/\"},{\"@type\":\"ListItem\",\"position\":3,\"name\":\"Darilni bon\"}]},{\"@type\":\"WebSite\",\"@id\":\"https:\/\/zumbaliciouscrew.com\/#website\",\"url\":\"https:\/\/zumbaliciouscrew.com\/\",\"name\":\"Zumbalicious Crew\",\"description\":\"\",\"publisher\":{\"@id\":\"https:\/\/zumbaliciouscrew.com\/#organization\"},\"potentialAction\":[{\"@type\":\"SearchAction\",\"target\":{\"@type\":\"EntryPoint\",\"urlTemplate\":\"https:\/\/zumbaliciouscrew.com\/?s={search_term_string}\"},\"query-input\":{\"@type\":\"PropertyValueSpecification\",\"valueRequired\":true,\"valueName\":\"search_term_string\"}}],\"inLanguage\":\"en-GB\"},{\"@type\":\"Organization\",\"@id\":\"https:\/\/zumbaliciouscrew.com\/#organization\",\"name\":\"Zumbalicious Crew\",\"url\":\"https:\/\/zumbaliciouscrew.com\/\",\"logo\":{\"@type\":\"ImageObject\",\"inLanguage\":\"en-GB\",\"@id\":\"https:\/\/zumbaliciouscrew.com\/#\/schema\/logo\/image\/\",\"url\":\"https:\/\/zumbaliciouscrew.com\/wp-content\/uploads\/2023\/06\/zumba-logo.png\",\"contentUrl\":\"https:\/\/zumbaliciouscrew.com\/wp-content\/uploads\/2023\/06\/zumba-logo.png\",\"width\":307,\"height\":121,\"caption\":\"Zumbalicious Crew\"},\"image\":{\"@id\":\"https:\/\/zumbaliciouscrew.com\/#\/schema\/logo\/image\/\"}}]}<\/script>\n<!-- \/ Yoast SEO plugin. -->","yoast_head_json":{"title":"Gift Card - Zumbalicious Crew","robots":{"index":"index","follow":"follow","max-snippet":"max-snippet:-1","max-image-preview":"max-image-preview:large","max-video-preview":"max-video-preview:-1"},"canonical":"https:\/\/zumbaliciouscrew.com\/en\/trgovina\/darilni-boni\/darilni-bon\/","og_locale":"en_GB","og_type":"article","og_title":"Darilni bon - Zumbalicious Crew","og_description":"I\u0160\u010cE\u0160 IDEJO ZA DARILO ZA PRIJATELJE ALI SVOJE BLI\u017dNJE?  Zumbalicious Crew darilni bon je odli\u010dna ideja za prazni\u010dno, rojstnodnevno ali drugo darilo.  Bon popolnoma prilagodimo tvojim \u017eeljam in potrebam. Podari\u0161 lahko mese\u010dno, 3 mese\u010dno ali sezonsko vadbo. Izberi produkt in \u0161tevilo kosov, ki ti ustrezajo.  Podari svojim prijateljem in dru\u017eini dozo pozitivne energije, dobrih vibracij in plesa na dobro glasbo!","og_url":"https:\/\/zumbaliciouscrew.com\/en\/trgovina\/darilni-boni\/darilni-bon\/","og_site_name":"Zumbalicious Crew","article_modified_time":"2025-10-28T13:14:55+00:00","og_image":[{"width":1080,"height":1080,"url":"https:\/\/zumbaliciouscrew.com\/wp-content\/uploads\/2023\/07\/darilni-bon-product.jpg","type":"image\/jpeg"}],"twitter_card":"summary_large_image","twitter_misc":{"Estimated reading time":"1 minute"},"schema":{"@context":"https:\/\/schema.org","@graph":[{"@type":"WebPage","@id":"https:\/\/zumbaliciouscrew.com\/trgovina\/darilni-boni\/darilni-bon\/","url":"https:\/\/zumbaliciouscrew.com\/trgovina\/darilni-boni\/darilni-bon\/","name":"Gift Card - Zumbalicious Crew","isPartOf":{"@id":"https:\/\/zumbaliciouscrew.com\/#website"},"primaryImageOfPage":{"@id":"https:\/\/zumbaliciouscrew.com\/trgovina\/darilni-boni\/darilni-bon\/#primaryimage"},"image":{"@id":"https:\/\/zumbaliciouscrew.com\/trgovina\/darilni-boni\/darilni-bon\/#primaryimage"},"thumbnailUrl":"https:\/\/zumbaliciouscrew.com\/wp-content\/uploads\/2023\/07\/darilni-bon-product.jpg","datePublished":"2023-07-26T09:03:41+00:00","dateModified":"2025-10-28T13:14:55+00:00","breadcrumb":{"@id":"https:\/\/zumbaliciouscrew.com\/trgovina\/darilni-boni\/darilni-bon\/#breadcrumb"},"inLanguage":"en-GB","potentialAction":[{"@type":"ReadAction","target":["https:\/\/zumbaliciouscrew.com\/trgovina\/darilni-boni\/darilni-bon\/"]}]},{"@type":"ImageObject","inLanguage":"en-GB","@id":"https:\/\/zumbaliciouscrew.com\/trgovina\/darilni-boni\/darilni-bon\/#primaryimage","url":"https:\/\/zumbaliciouscrew.com\/wp-content\/uploads\/2023\/07\/darilni-bon-product.jpg","contentUrl":"https:\/\/zumbaliciouscrew.com\/wp-content\/uploads\/2023\/07\/darilni-bon-product.jpg","width":1080,"height":1080},{"@type":"BreadcrumbList","@id":"https:\/\/zumbaliciouscrew.com\/trgovina\/darilni-boni\/darilni-bon\/#breadcrumb","itemListElement":[{"@type":"ListItem","position":1,"name":"Home","item":"https:\/\/zumbaliciouscrew.com\/"},{"@type":"ListItem","position":2,"name":"Trgovina","item":"https:\/\/zumbaliciouscrew.com\/trgovina\/"},{"@type":"ListItem","position":3,"name":"Darilni bon"}]},{"@type":"WebSite","@id":"https:\/\/zumbaliciouscrew.com\/#website","url":"https:\/\/zumbaliciouscrew.com\/","name":"Zumbalicious Crew","description":"","publisher":{"@id":"https:\/\/zumbaliciouscrew.com\/#organization"},"potentialAction":[{"@type":"SearchAction","target":{"@type":"EntryPoint","urlTemplate":"https:\/\/zumbaliciouscrew.com\/?s={search_term_string}"},"query-input":{"@type":"PropertyValueSpecification","valueRequired":true,"valueName":"search_term_string"}}],"inLanguage":"en-GB"},{"@type":"Organization","@id":"https:\/\/zumbaliciouscrew.com\/#organization","name":"Zumbalicious Crew","url":"https:\/\/zumbaliciouscrew.com\/","logo":{"@type":"ImageObject","inLanguage":"en-GB","@id":"https:\/\/zumbaliciouscrew.com\/#\/schema\/logo\/image\/","url":"https:\/\/zumbaliciouscrew.com\/wp-content\/uploads\/2023\/06\/zumba-logo.png","contentUrl":"https:\/\/zumbaliciouscrew.com\/wp-content\/uploads\/2023\/06\/zumba-logo.png","width":307,"height":121,"caption":"Zumbalicious Crew"},"image":{"@id":"https:\/\/zumbaliciouscrew.com\/#\/schema\/logo\/image\/"}}]}},"_links":{"self":[{"href":"https:\/\/zumbaliciouscrew.com\/en\/wp-json\/wp\/v2\/product\/2613","targetHints":{"allow":["GET"]}}],"collection":[{"href":"https:\/\/zumbaliciouscrew.com\/en\/wp-json\/wp\/v2\/product"}],"about":[{"href":"https:\/\/zumbaliciouscrew.com\/en\/wp-json\/wp\/v2\/types\/product"}],"wp:featuredmedia":[{"embeddable":true,"href":"https:\/\/zumbaliciouscrew.com\/en\/wp-json\/wp\/v2\/media\/2612"}],"wp:attachment":[{"href":"https:\/\/zumbaliciouscrew.com\/en\/wp-json\/wp\/v2\/media?parent=2613"}],"wp:term":[{"taxonomy":"product_brand","embeddable":true,"href":"https:\/\/zumbaliciouscrew.com\/en\/wp-json\/wp\/v2\/product_brand?post=2613"},{"taxonomy":"product_cat","embeddable":true,"href":"https:\/\/zumbaliciouscrew.com\/en\/wp-json\/wp\/v2\/product_cat?post=2613"},{"taxonomy":"product_tag","embeddable":true,"href":"https:\/\/zumbaliciouscrew.com\/en\/wp-json\/wp\/v2\/product_tag?post=2613"}],"curies":[{"name":"wp","href":"https:\/\/api.w.org\/{rel}","templated":true}]}}