{"id":2975,"date":"2023-07-27T13:54:22","date_gmt":"2023-07-27T11:54:22","guid":{"rendered":"https:\/\/zumbaliciouscrew.com\/?post_type=product&#038;p=2975"},"modified":"2025-09-06T01:59:07","modified_gmt":"2025-09-05T23:59:07","slug":"circl-mobility-mesecna-2x-tedensko","status":"publish","type":"product","link":"https:\/\/zumbaliciouscrew.com\/en\/trgovina\/treningi-v-dvorani\/circl-mobility-mesecna-2x-tedensko\/","title":{"rendered":"1 MESE\u010cNA KARTA &#8211; 2x TEDENSKO: CIRCL MOBILITY\u2122"},"content":{"rendered":"<p><span style=\"font-weight: 400;\">Pridru\u017ei se nam na vadbi CIRCL Mobility\u2122, kjer te v dvorani \u010dakajo spro\u0161\u010deno vzdu\u0161je, dobra dru\u017eba in skrbno izbrane vaje za gibljivost, mo\u010d in regeneracijo. Na\u0161e ure zdru\u017eujejo dihalne tehnike, raztezanje in vaje za mobilnost, ki ti pomagajo zmanj\u0161ati napetost v mi\u0161icah in stres, pove\u010dati gibljivost in napolniti telo z novo energijo.<\/span><\/p>\n<p><span style=\"font-weight: 400;\">Mese\u010dna karta 2x tedensko vklju\u010duje <\/span><b>8 obiskov vadbe CIRCL Mobility\u2122<\/b><span style=\"font-weight: 400;\">, ki jih lahko poljubno izkoristi\u0161 <\/span><b>znotraj istega koledarskega meseca<\/b><span style=\"font-weight: 400;\">. Izbira\u0161 med 2 termini tedensko na 1 lokaciji v Ljubljani.\u00a0<\/span><\/p>\n<p><b>CIRCL Mobility\u2122<\/b><\/p>\n<ul>\n<li><span style=\"font-weight: 400;\">TOREK IN \u010cETRTEK OD 19:15 DO 20:00<\/span><\/li>\n<li><a href=\"https:\/\/maps.app.goo.gl\/voX8X6M4gWDwoSRt6\"><span style=\"font-weight: 400;\">BASTARTS ACADEMY<\/span><\/a><\/li>\n<\/ul>","protected":false},"excerpt":{"rendered":"<p><span style=\"font-weight: 400;\">Pridru\u017ei se nam na vadbi CIRCL Mobility\u2122, kjer te v dvorani \u010dakajo spro\u0161\u010deno vzdu\u0161je, dobra dru\u017eba in skrbno izbrane vaje za gibljivost, mo\u010d in regeneracijo. Na\u0161e ure zdru\u017eujejo dihalne tehnike, raztezanje in vaje za mobilnost, ki ti pomagajo zmanj\u0161ati napetost v mi\u0161icah in stres, pove\u010dati gibljivost in napolniti telo z novo energijo.<\/span><\/p>\n<p><span style=\"font-weight: 400;\">Mese\u010dna karta 2x tedensko vklju\u010duje <\/span><b>8 obiskov vadbe CIRCL Mobility\u2122<\/b><span style=\"font-weight: 400;\">, ki jih lahko poljubno izkoristi\u0161 <\/span><b>znotraj istega koledarskega meseca<\/b><span style=\"font-weight: 400;\">. Izbira\u0161 med 2 termini tedensko na 1 lokaciji v Ljubljani.\u00a0<\/span><\/p>\n<p><b>CIRCL Mobility\u2122<\/b><\/p>\n<ul>\n<li><span style=\"font-weight: 400;\">TOREK IN \u010cETRTEK OD 19:15 DO 20:00<\/span><\/li>\n<li><a href=\"https:\/\/maps.app.goo.gl\/voX8X6M4gWDwoSRt6\"><span style=\"font-weight: 400;\">BASTARTS ACADEMY<\/span><\/a><\/li>\n<\/ul>","protected":false},"featured_media":21283,"template":"","meta":{"inline_featured_image":false},"product_brand":[],"product_cat":[25],"product_tag":[56],"class_list":{"0":"post-2975","1":"product","2":"type-product","3":"status-publish","4":"has-post-thumbnail","6":"product_cat-treningi-v-dvorani","7":"product_tag-circl-mobility","8":"pa_trajanje-1-mesec","10":"first","11":"instock","12":"downloadable","13":"virtual","14":"purchasable","15":"product-type-simple"},"yoast_head":"<!-- This site is optimized with the Yoast SEO plugin v26.6 - https:\/\/yoast.com\/wordpress\/plugins\/seo\/ -->\n<title>1 MESE\u010cNA KARTA - 2x TEDENSKO: CIRCL MOBILITY\u2122 - Zumbalicious Crew<\/title>\n<meta name=\"robots\" content=\"index, follow, max-snippet:-1, max-image-preview:large, max-video-preview:-1\" \/>\n<link rel=\"canonical\" href=\"https:\/\/zumbaliciouscrew.com\/en\/trgovina\/treningi-v-dvorani\/circl-mobility-mesecna-2x-tedensko\/\" \/>\n<meta property=\"og:locale\" content=\"en_GB\" \/>\n<meta property=\"og:type\" content=\"article\" \/>\n<meta property=\"og:title\" content=\"1 MESE\u010cNA KARTA - 2x TEDENSKO: CIRCL MOBILITY\u2122 - Zumbalicious Crew\" \/>\n<meta property=\"og:description\" content=\"Pridru\u017ei se nam na vadbi CIRCL Mobility\u2122, kjer te v dvorani \u010dakajo spro\u0161\u010deno vzdu\u0161je, dobra dru\u017eba in skrbno izbrane vaje za gibljivost, mo\u010d in regeneracijo. Na\u0161e ure zdru\u017eujejo dihalne tehnike, raztezanje in vaje za mobilnost, ki ti pomagajo zmanj\u0161ati napetost v mi\u0161icah in stres, pove\u010dati gibljivost in napolniti telo z novo energijo.  Mese\u010dna karta 2x tedensko vklju\u010duje 8 obiskov vadbe CIRCL Mobility\u2122, ki jih lahko poljubno izkoristi\u0161 znotraj istega koledarskega meseca. Izbira\u0161 med 2 termini tedensko na 1 lokaciji v Ljubljani.\u00a0  CIRCL Mobility\u2122   TOREK IN \u010cETRTEK OD 19:15 DO 20:00  BASTARTS ACADEMY\" \/>\n<meta property=\"og:url\" content=\"https:\/\/zumbaliciouscrew.com\/en\/trgovina\/treningi-v-dvorani\/circl-mobility-mesecna-2x-tedensko\/\" \/>\n<meta property=\"og:site_name\" content=\"Zumbalicious Crew\" \/>\n<meta property=\"article:modified_time\" content=\"2025-09-05T23:59:07+00:00\" \/>\n<meta property=\"og:image\" content=\"https:\/\/zumbaliciouscrew.com\/wp-content\/uploads\/2023\/06\/4.png\" \/>\n\t<meta property=\"og:image:width\" content=\"1654\" \/>\n\t<meta property=\"og:image:height\" content=\"1654\" \/>\n\t<meta property=\"og:image:type\" content=\"image\/png\" \/>\n<meta name=\"twitter:card\" content=\"summary_large_image\" \/>\n<meta name=\"twitter:label1\" content=\"Estimated reading time\" \/>\n\t<meta name=\"twitter:data1\" content=\"1 minute\" \/>\n<script type=\"application\/ld+json\" class=\"yoast-schema-graph\">{\"@context\":\"https:\/\/schema.org\",\"@graph\":[{\"@type\":\"WebPage\",\"@id\":\"https:\/\/zumbaliciouscrew.com\/trgovina\/treningi-v-dvorani\/circl-mobility-mesecna-2x-tedensko\/\",\"url\":\"https:\/\/zumbaliciouscrew.com\/trgovina\/treningi-v-dvorani\/circl-mobility-mesecna-2x-tedensko\/\",\"name\":\"1 MESE\u010cNA KARTA - 2x TEDENSKO: CIRCL MOBILITY\u2122 - Zumbalicious Crew\",\"isPartOf\":{\"@id\":\"https:\/\/zumbaliciouscrew.com\/#website\"},\"primaryImageOfPage\":{\"@id\":\"https:\/\/zumbaliciouscrew.com\/trgovina\/treningi-v-dvorani\/circl-mobility-mesecna-2x-tedensko\/#primaryimage\"},\"image\":{\"@id\":\"https:\/\/zumbaliciouscrew.com\/trgovina\/treningi-v-dvorani\/circl-mobility-mesecna-2x-tedensko\/#primaryimage\"},\"thumbnailUrl\":\"https:\/\/zumbaliciouscrew.com\/wp-content\/uploads\/2023\/06\/4.png\",\"datePublished\":\"2023-07-27T11:54:22+00:00\",\"dateModified\":\"2025-09-05T23:59:07+00:00\",\"breadcrumb\":{\"@id\":\"https:\/\/zumbaliciouscrew.com\/trgovina\/treningi-v-dvorani\/circl-mobility-mesecna-2x-tedensko\/#breadcrumb\"},\"inLanguage\":\"en-GB\",\"potentialAction\":[{\"@type\":\"ReadAction\",\"target\":[\"https:\/\/zumbaliciouscrew.com\/trgovina\/treningi-v-dvorani\/circl-mobility-mesecna-2x-tedensko\/\"]}]},{\"@type\":\"ImageObject\",\"inLanguage\":\"en-GB\",\"@id\":\"https:\/\/zumbaliciouscrew.com\/trgovina\/treningi-v-dvorani\/circl-mobility-mesecna-2x-tedensko\/#primaryimage\",\"url\":\"https:\/\/zumbaliciouscrew.com\/wp-content\/uploads\/2023\/06\/4.png\",\"contentUrl\":\"https:\/\/zumbaliciouscrew.com\/wp-content\/uploads\/2023\/06\/4.png\",\"width\":1654,\"height\":1654},{\"@type\":\"BreadcrumbList\",\"@id\":\"https:\/\/zumbaliciouscrew.com\/trgovina\/treningi-v-dvorani\/circl-mobility-mesecna-2x-tedensko\/#breadcrumb\",\"itemListElement\":[{\"@type\":\"ListItem\",\"position\":1,\"name\":\"Home\",\"item\":\"https:\/\/zumbaliciouscrew.com\/\"},{\"@type\":\"ListItem\",\"position\":2,\"name\":\"Trgovina\",\"item\":\"https:\/\/zumbaliciouscrew.com\/trgovina\/\"},{\"@type\":\"ListItem\",\"position\":3,\"name\":\"1 MESE\u010cNA KARTA &#8211; 2x TEDENSKO: CIRCL MOBILITY\u2122\"}]},{\"@type\":\"WebSite\",\"@id\":\"https:\/\/zumbaliciouscrew.com\/#website\",\"url\":\"https:\/\/zumbaliciouscrew.com\/\",\"name\":\"Zumbalicious Crew\",\"description\":\"\",\"publisher\":{\"@id\":\"https:\/\/zumbaliciouscrew.com\/#organization\"},\"potentialAction\":[{\"@type\":\"SearchAction\",\"target\":{\"@type\":\"EntryPoint\",\"urlTemplate\":\"https:\/\/zumbaliciouscrew.com\/?s={search_term_string}\"},\"query-input\":{\"@type\":\"PropertyValueSpecification\",\"valueRequired\":true,\"valueName\":\"search_term_string\"}}],\"inLanguage\":\"en-GB\"},{\"@type\":\"Organization\",\"@id\":\"https:\/\/zumbaliciouscrew.com\/#organization\",\"name\":\"Zumbalicious Crew\",\"url\":\"https:\/\/zumbaliciouscrew.com\/\",\"logo\":{\"@type\":\"ImageObject\",\"inLanguage\":\"en-GB\",\"@id\":\"https:\/\/zumbaliciouscrew.com\/#\/schema\/logo\/image\/\",\"url\":\"https:\/\/zumbaliciouscrew.com\/wp-content\/uploads\/2023\/06\/zumba-logo.png\",\"contentUrl\":\"https:\/\/zumbaliciouscrew.com\/wp-content\/uploads\/2023\/06\/zumba-logo.png\",\"width\":307,\"height\":121,\"caption\":\"Zumbalicious Crew\"},\"image\":{\"@id\":\"https:\/\/zumbaliciouscrew.com\/#\/schema\/logo\/image\/\"}}]}<\/script>\n<!-- \/ Yoast SEO plugin. -->","yoast_head_json":{"title":"1 MESE\u010cNA KARTA - 2x TEDENSKO: CIRCL MOBILITY\u2122 - Zumbalicious Crew","robots":{"index":"index","follow":"follow","max-snippet":"max-snippet:-1","max-image-preview":"max-image-preview:large","max-video-preview":"max-video-preview:-1"},"canonical":"https:\/\/zumbaliciouscrew.com\/en\/trgovina\/treningi-v-dvorani\/circl-mobility-mesecna-2x-tedensko\/","og_locale":"en_GB","og_type":"article","og_title":"1 MESE\u010cNA KARTA - 2x TEDENSKO: CIRCL MOBILITY\u2122 - Zumbalicious Crew","og_description":"Pridru\u017ei se nam na vadbi CIRCL Mobility\u2122, kjer te v dvorani \u010dakajo spro\u0161\u010deno vzdu\u0161je, dobra dru\u017eba in skrbno izbrane vaje za gibljivost, mo\u010d in regeneracijo. Na\u0161e ure zdru\u017eujejo dihalne tehnike, raztezanje in vaje za mobilnost, ki ti pomagajo zmanj\u0161ati napetost v mi\u0161icah in stres, pove\u010dati gibljivost in napolniti telo z novo energijo.  Mese\u010dna karta 2x tedensko vklju\u010duje 8 obiskov vadbe CIRCL Mobility\u2122, ki jih lahko poljubno izkoristi\u0161 znotraj istega koledarskega meseca. Izbira\u0161 med 2 termini tedensko na 1 lokaciji v Ljubljani.\u00a0  CIRCL Mobility\u2122   TOREK IN \u010cETRTEK OD 19:15 DO 20:00  BASTARTS ACADEMY","og_url":"https:\/\/zumbaliciouscrew.com\/en\/trgovina\/treningi-v-dvorani\/circl-mobility-mesecna-2x-tedensko\/","og_site_name":"Zumbalicious Crew","article_modified_time":"2025-09-05T23:59:07+00:00","og_image":[{"width":1654,"height":1654,"url":"https:\/\/zumbaliciouscrew.com\/wp-content\/uploads\/2023\/06\/4.png","type":"image\/png"}],"twitter_card":"summary_large_image","twitter_misc":{"Estimated reading time":"1 minute"},"schema":{"@context":"https:\/\/schema.org","@graph":[{"@type":"WebPage","@id":"https:\/\/zumbaliciouscrew.com\/trgovina\/treningi-v-dvorani\/circl-mobility-mesecna-2x-tedensko\/","url":"https:\/\/zumbaliciouscrew.com\/trgovina\/treningi-v-dvorani\/circl-mobility-mesecna-2x-tedensko\/","name":"1 MESE\u010cNA KARTA - 2x TEDENSKO: CIRCL MOBILITY\u2122 - Zumbalicious Crew","isPartOf":{"@id":"https:\/\/zumbaliciouscrew.com\/#website"},"primaryImageOfPage":{"@id":"https:\/\/zumbaliciouscrew.com\/trgovina\/treningi-v-dvorani\/circl-mobility-mesecna-2x-tedensko\/#primaryimage"},"image":{"@id":"https:\/\/zumbaliciouscrew.com\/trgovina\/treningi-v-dvorani\/circl-mobility-mesecna-2x-tedensko\/#primaryimage"},"thumbnailUrl":"https:\/\/zumbaliciouscrew.com\/wp-content\/uploads\/2023\/06\/4.png","datePublished":"2023-07-27T11:54:22+00:00","dateModified":"2025-09-05T23:59:07+00:00","breadcrumb":{"@id":"https:\/\/zumbaliciouscrew.com\/trgovina\/treningi-v-dvorani\/circl-mobility-mesecna-2x-tedensko\/#breadcrumb"},"inLanguage":"en-GB","potentialAction":[{"@type":"ReadAction","target":["https:\/\/zumbaliciouscrew.com\/trgovina\/treningi-v-dvorani\/circl-mobility-mesecna-2x-tedensko\/"]}]},{"@type":"ImageObject","inLanguage":"en-GB","@id":"https:\/\/zumbaliciouscrew.com\/trgovina\/treningi-v-dvorani\/circl-mobility-mesecna-2x-tedensko\/#primaryimage","url":"https:\/\/zumbaliciouscrew.com\/wp-content\/uploads\/2023\/06\/4.png","contentUrl":"https:\/\/zumbaliciouscrew.com\/wp-content\/uploads\/2023\/06\/4.png","width":1654,"height":1654},{"@type":"BreadcrumbList","@id":"https:\/\/zumbaliciouscrew.com\/trgovina\/treningi-v-dvorani\/circl-mobility-mesecna-2x-tedensko\/#breadcrumb","itemListElement":[{"@type":"ListItem","position":1,"name":"Home","item":"https:\/\/zumbaliciouscrew.com\/"},{"@type":"ListItem","position":2,"name":"Trgovina","item":"https:\/\/zumbaliciouscrew.com\/trgovina\/"},{"@type":"ListItem","position":3,"name":"1 MESE\u010cNA KARTA &#8211; 2x TEDENSKO: CIRCL MOBILITY\u2122"}]},{"@type":"WebSite","@id":"https:\/\/zumbaliciouscrew.com\/#website","url":"https:\/\/zumbaliciouscrew.com\/","name":"Zumbalicious Crew","description":"","publisher":{"@id":"https:\/\/zumbaliciouscrew.com\/#organization"},"potentialAction":[{"@type":"SearchAction","target":{"@type":"EntryPoint","urlTemplate":"https:\/\/zumbaliciouscrew.com\/?s={search_term_string}"},"query-input":{"@type":"PropertyValueSpecification","valueRequired":true,"valueName":"search_term_string"}}],"inLanguage":"en-GB"},{"@type":"Organization","@id":"https:\/\/zumbaliciouscrew.com\/#organization","name":"Zumbalicious Crew","url":"https:\/\/zumbaliciouscrew.com\/","logo":{"@type":"ImageObject","inLanguage":"en-GB","@id":"https:\/\/zumbaliciouscrew.com\/#\/schema\/logo\/image\/","url":"https:\/\/zumbaliciouscrew.com\/wp-content\/uploads\/2023\/06\/zumba-logo.png","contentUrl":"https:\/\/zumbaliciouscrew.com\/wp-content\/uploads\/2023\/06\/zumba-logo.png","width":307,"height":121,"caption":"Zumbalicious Crew"},"image":{"@id":"https:\/\/zumbaliciouscrew.com\/#\/schema\/logo\/image\/"}}]}},"_links":{"self":[{"href":"https:\/\/zumbaliciouscrew.com\/en\/wp-json\/wp\/v2\/product\/2975","targetHints":{"allow":["GET"]}}],"collection":[{"href":"https:\/\/zumbaliciouscrew.com\/en\/wp-json\/wp\/v2\/product"}],"about":[{"href":"https:\/\/zumbaliciouscrew.com\/en\/wp-json\/wp\/v2\/types\/product"}],"wp:featuredmedia":[{"embeddable":true,"href":"https:\/\/zumbaliciouscrew.com\/en\/wp-json\/wp\/v2\/media\/21283"}],"wp:attachment":[{"href":"https:\/\/zumbaliciouscrew.com\/en\/wp-json\/wp\/v2\/media?parent=2975"}],"wp:term":[{"taxonomy":"product_brand","embeddable":true,"href":"https:\/\/zumbaliciouscrew.com\/en\/wp-json\/wp\/v2\/product_brand?post=2975"},{"taxonomy":"product_cat","embeddable":true,"href":"https:\/\/zumbaliciouscrew.com\/en\/wp-json\/wp\/v2\/product_cat?post=2975"},{"taxonomy":"product_tag","embeddable":true,"href":"https:\/\/zumbaliciouscrew.com\/en\/wp-json\/wp\/v2\/product_tag?post=2975"}],"curies":[{"name":"wp","href":"https:\/\/api.w.org\/{rel}","templated":true}]}}