{"id":810,"date":"2023-06-16T14:07:34","date_gmt":"2023-06-16T12:07:34","guid":{"rendered":"https:\/\/zumbaliciouscrew.com\/?post_type=product&#038;p=810"},"modified":"2025-09-19T16:38:01","modified_gmt":"2025-09-19T14:38:01","slug":"zumba-3-mesecna-1x-tedensko","status":"publish","type":"product","link":"https:\/\/zumbaliciouscrew.com\/en\/trgovina\/treningi-v-dvorani\/zumba-3-mesecna-1x-tedensko\/","title":{"rendered":"3 MESE\u010cNA KARTA &#8211; 1x TEDENSKO: ZUMBA\u00ae \/ ZUMBA\u00ae GOLD"},"content":{"rendered":"<p><span style=\"font-weight: 400;\">Pridru\u017ei se nam na vadbah Zumba\u00ae in Zumba\u00ae Gold, kjer te v dvorani \u010dakajo dobra dru\u017eba, nalezljiva energija in vro\u010di latino ritmi. Na\u0161e ure zdru\u017eujejo ples, najnovej\u0161e hite in zabavne koreografije, ki te bodo napolnile z dobro voljo.<\/span><\/p>\n<p><span style=\"font-weight: 400;\">3-mese\u010dna karta 1x tedensko vklju\u010duje <\/span><b>12 obiskov vadb Zumba\u00ae ali Zumba\u00ae Gold<\/b><span style=\"font-weight: 400;\">, ki jih lahko poljubno izkoristi\u0161 <\/span><b>znotraj 3 zaporednih koledarskih mesecev<\/b><span style=\"font-weight: 400;\">. Izbira\u0161 med kar 7 termini tedensko na 3 razli\u010dnih lokacijah v Ljubljani.<\/span><\/p>\n<p><b>ZUMBA\u00ae<\/b><\/p>\n<ul>\n<li><span style=\"font-weight: 400;\">MONDAY AND WEDNESDAY AT 20.00 - 21.00<\/span><\/li>\n<li><a href=\"https:\/\/maps.app.goo.gl\/eyMfoBcof21R4TPa8\"><span style=\"font-weight: 400;\">SPORTS HALL VI\u017dMARJE BROD<\/span><\/a><\/li>\n<\/ul>\n<p><span style=\"font-weight: 400;\">and<\/span><\/p>\n<ul>\n<li><span style=\"font-weight: 400;\">TUESDAY AND THURSDAY AT 20.00 - 21.00<\/span><\/li>\n<li><a href=\"https:\/\/maps.app.goo.gl\/voX8X6M4gWDwoSRt6\"><span style=\"font-weight: 400;\">BASTARTS ACADEMY<\/span><\/a><\/li>\n<\/ul>\n<p><span style=\"font-weight: 400;\">and<\/span><\/p>\n<ul>\n<li><span style=\"font-weight: 400;\">SREDA OD 19:30 DO 20:30<\/span><\/li>\n<li><a href=\"https:\/\/maps.app.goo.gl\/4y51wvBqoVpBBAk59\"><span style=\"font-weight: 400;\">\u0160PORTNI CENTER ILIRIJA<\/span><\/a><\/li>\n<\/ul>\n<p>&nbsp;<\/p>\n<p><b>ZUMBA\u00ae GOLD<\/b><\/p>\n<ul>\n<li><span style=\"font-weight: 400;\">PONEDELJEK OD 17:30 DO 18:30<\/span><\/li>\n<li><a href=\"https:\/\/maps.app.goo.gl\/4y51wvBqoVpBBAk59\"><span style=\"font-weight: 400;\">\u0160PORTNI CENTER ILIRIJA<\/span><\/a><\/li>\n<\/ul>\n<p><span style=\"font-weight: 400;\">and<\/span><\/p>\n<ul>\n<li><span style=\"font-weight: 400;\">WEDNESDAY AT 19.00 - 20.00<\/span><\/li>\n<li><a href=\"https:\/\/maps.app.goo.gl\/eyMfoBcof21R4TPa8\"><span style=\"font-weight: 400;\">SPORTS HALL VI\u017dMARJE BROD<\/span><\/a><\/li>\n<\/ul>","protected":false},"excerpt":{"rendered":"<p><span style=\"font-weight: 400;\">Pridru\u017ei se nam na vadbah Zumba\u00ae in Zumba\u00ae Gold, kjer te v dvorani \u010dakajo dobra dru\u017eba, nalezljiva energija in vro\u010di latino ritmi. Na\u0161e ure zdru\u017eujejo ples, najnovej\u0161e hite in zabavne koreografije, ki te bodo napolnile z dobro voljo.<\/span><\/p>\n<p><span style=\"font-weight: 400;\">3-mese\u010dna karta 1x tedensko vklju\u010duje <\/span><b>12 obiskov vadb Zumba\u00ae ali Zumba\u00ae Gold<\/b><span style=\"font-weight: 400;\">, ki jih lahko poljubno izkoristi\u0161 <\/span><b>znotraj 3 zaporednih koledarskih mesecev<\/b><span style=\"font-weight: 400;\">. Izbira\u0161 med kar 7 termini tedensko na 3 razli\u010dnih lokacijah v Ljubljani.<\/span><\/p>\n<p><b>ZUMBA\u00ae<\/b><\/p>\n<ul>\n<li><span style=\"font-weight: 400;\">MONDAY AND WEDNESDAY AT 20.00 - 21.00<\/span><\/li>\n<li><a href=\"https:\/\/maps.app.goo.gl\/eyMfoBcof21R4TPa8\"><span style=\"font-weight: 400;\">SPORTS HALL VI\u017dMARJE BROD<\/span><\/a><\/li>\n<\/ul>\n<p><span style=\"font-weight: 400;\">and<\/span><\/p>\n<ul>\n<li><span style=\"font-weight: 400;\">TUESDAY AND THURSDAY AT 20.00 - 21.00<\/span><\/li>\n<li><a href=\"https:\/\/maps.app.goo.gl\/voX8X6M4gWDwoSRt6\"><span style=\"font-weight: 400;\">BASTARTS ACADEMY<\/span><\/a><\/li>\n<\/ul>\n<p><span style=\"font-weight: 400;\">and<\/span><\/p>\n<ul>\n<li><span style=\"font-weight: 400;\">SREDA OD 19:30 DO 20:30<\/span><\/li>\n<li><a href=\"https:\/\/maps.app.goo.gl\/4y51wvBqoVpBBAk59\"><span style=\"font-weight: 400;\">\u0160PORTNI CENTER ILIRIJA<\/span><\/a><\/li>\n<\/ul>\n<p>&nbsp;<\/p>\n<p><b>ZUMBA\u00ae GOLD<\/b><\/p>\n<ul>\n<li><span style=\"font-weight: 400;\">PONEDELJEK OD 17:30 DO 18:30<\/span><\/li>\n<li><a href=\"https:\/\/maps.app.goo.gl\/4y51wvBqoVpBBAk59\"><span style=\"font-weight: 400;\">\u0160PORTNI CENTER ILIRIJA<\/span><\/a><\/li>\n<\/ul>\n<p><span style=\"font-weight: 400;\">and<\/span><\/p>\n<ul>\n<li><span style=\"font-weight: 400;\">WEDNESDAY AT 19.00 - 20.00<\/span><\/li>\n<li><a href=\"https:\/\/maps.app.goo.gl\/eyMfoBcof21R4TPa8\"><span style=\"font-weight: 400;\">SPORTS HALL VI\u017dMARJE BROD<\/span><\/a><\/li>\n<\/ul>","protected":false},"featured_media":21280,"template":"","meta":{"inline_featured_image":false},"product_brand":[],"product_cat":[25],"product_tag":[32,31],"class_list":{"0":"post-810","1":"product","2":"type-product","3":"status-publish","4":"has-post-thumbnail","6":"product_cat-treningi-v-dvorani","7":"product_tag-zumba","8":"product_tag-zumba-gold","9":"pa_trajanje-3-mesece","11":"first","12":"instock","13":"downloadable","14":"virtual","15":"purchasable","16":"product-type-simple"},"yoast_head":"<!-- This site is optimized with the Yoast SEO plugin v26.6 - https:\/\/yoast.com\/wordpress\/plugins\/seo\/ -->\n<title>3 MESE\u010cNA KARTA - 1x TEDENSKO: ZUMBA\u00ae \/ ZUMBA\u00ae GOLD - Zumbalicious Crew<\/title>\n<meta name=\"robots\" content=\"index, follow, max-snippet:-1, max-image-preview:large, max-video-preview:-1\" \/>\n<link rel=\"canonical\" href=\"https:\/\/zumbaliciouscrew.com\/en\/trgovina\/treningi-v-dvorani\/zumba-3-mesecna-1x-tedensko\/\" \/>\n<meta property=\"og:locale\" content=\"en_GB\" \/>\n<meta property=\"og:type\" content=\"article\" \/>\n<meta property=\"og:title\" content=\"3 MESE\u010cNA KARTA - 1x TEDENSKO: ZUMBA\u00ae \/ ZUMBA\u00ae GOLD - Zumbalicious Crew\" \/>\n<meta property=\"og:description\" content=\"Pridru\u017ei se nam na vadbah Zumba\u00ae in Zumba\u00ae Gold, kjer te v dvorani \u010dakajo dobra dru\u017eba, nalezljiva energija in vro\u010di latino ritmi. Na\u0161e ure zdru\u017eujejo ples, najnovej\u0161e hite in zabavne koreografije, ki te bodo napolnile z dobro voljo.  3-mese\u010dna karta 1x tedensko vklju\u010duje 12 obiskov vadb Zumba\u00ae ali Zumba\u00ae Gold, ki jih lahko poljubno izkoristi\u0161 znotraj 3 zaporednih koledarskih mesecev. Izbira\u0161 med kar 7 termini tedensko na 3 razli\u010dnih lokacijah v Ljubljani.  ZUMBA\u00ae   PONEDELJEK IN SREDA OD 20:00 DO 21:00  \u0160PORTNA DVORANA VI\u017dMARJE BROD  in   TOREK IN \u010cETRTEK OD 20:00 DO 21:00  BASTARTS ACADEMY  in   SREDA OD 19:30 DO 20:30  \u0160PORTNI CENTER ILIRIJA  &nbsp;  ZUMBA\u00ae GOLD   PONEDELJEK OD 17:30 DO 18:30  \u0160PORTNI CENTER ILIRIJA  in   SREDA OD 19:00 DO 20:00  \u0160PORTNA DVORANA VI\u017dMARJE BROD\" \/>\n<meta property=\"og:url\" content=\"https:\/\/zumbaliciouscrew.com\/en\/trgovina\/treningi-v-dvorani\/zumba-3-mesecna-1x-tedensko\/\" \/>\n<meta property=\"og:site_name\" content=\"Zumbalicious Crew\" \/>\n<meta property=\"article:modified_time\" content=\"2025-09-19T14:38:01+00:00\" \/>\n<meta property=\"og:image\" content=\"https:\/\/zumbaliciouscrew.com\/wp-content\/uploads\/2023\/06\/9.png\" \/>\n\t<meta property=\"og:image:width\" content=\"1654\" \/>\n\t<meta property=\"og:image:height\" content=\"1654\" \/>\n\t<meta property=\"og:image:type\" content=\"image\/png\" \/>\n<meta name=\"twitter:card\" content=\"summary_large_image\" \/>\n<meta name=\"twitter:label1\" content=\"Estimated reading time\" \/>\n\t<meta name=\"twitter:data1\" content=\"1 minute\" \/>\n<script type=\"application\/ld+json\" class=\"yoast-schema-graph\">{\"@context\":\"https:\/\/schema.org\",\"@graph\":[{\"@type\":\"WebPage\",\"@id\":\"https:\/\/zumbaliciouscrew.com\/trgovina\/treningi-v-dvorani\/zumba-3-mesecna-1x-tedensko\/\",\"url\":\"https:\/\/zumbaliciouscrew.com\/trgovina\/treningi-v-dvorani\/zumba-3-mesecna-1x-tedensko\/\",\"name\":\"3 MESE\u010cNA KARTA - 1x TEDENSKO: ZUMBA\u00ae \/ ZUMBA\u00ae GOLD - Zumbalicious Crew\",\"isPartOf\":{\"@id\":\"https:\/\/zumbaliciouscrew.com\/#website\"},\"primaryImageOfPage\":{\"@id\":\"https:\/\/zumbaliciouscrew.com\/trgovina\/treningi-v-dvorani\/zumba-3-mesecna-1x-tedensko\/#primaryimage\"},\"image\":{\"@id\":\"https:\/\/zumbaliciouscrew.com\/trgovina\/treningi-v-dvorani\/zumba-3-mesecna-1x-tedensko\/#primaryimage\"},\"thumbnailUrl\":\"https:\/\/zumbaliciouscrew.com\/wp-content\/uploads\/2023\/06\/9.png\",\"datePublished\":\"2023-06-16T12:07:34+00:00\",\"dateModified\":\"2025-09-19T14:38:01+00:00\",\"breadcrumb\":{\"@id\":\"https:\/\/zumbaliciouscrew.com\/trgovina\/treningi-v-dvorani\/zumba-3-mesecna-1x-tedensko\/#breadcrumb\"},\"inLanguage\":\"en-GB\",\"potentialAction\":[{\"@type\":\"ReadAction\",\"target\":[\"https:\/\/zumbaliciouscrew.com\/trgovina\/treningi-v-dvorani\/zumba-3-mesecna-1x-tedensko\/\"]}]},{\"@type\":\"ImageObject\",\"inLanguage\":\"en-GB\",\"@id\":\"https:\/\/zumbaliciouscrew.com\/trgovina\/treningi-v-dvorani\/zumba-3-mesecna-1x-tedensko\/#primaryimage\",\"url\":\"https:\/\/zumbaliciouscrew.com\/wp-content\/uploads\/2023\/06\/9.png\",\"contentUrl\":\"https:\/\/zumbaliciouscrew.com\/wp-content\/uploads\/2023\/06\/9.png\",\"width\":1654,\"height\":1654},{\"@type\":\"BreadcrumbList\",\"@id\":\"https:\/\/zumbaliciouscrew.com\/trgovina\/treningi-v-dvorani\/zumba-3-mesecna-1x-tedensko\/#breadcrumb\",\"itemListElement\":[{\"@type\":\"ListItem\",\"position\":1,\"name\":\"Home\",\"item\":\"https:\/\/zumbaliciouscrew.com\/\"},{\"@type\":\"ListItem\",\"position\":2,\"name\":\"Trgovina\",\"item\":\"https:\/\/zumbaliciouscrew.com\/trgovina\/\"},{\"@type\":\"ListItem\",\"position\":3,\"name\":\"3 MESE\u010cNA KARTA &#8211; 1x TEDENSKO: ZUMBA\u00ae \/ ZUMBA\u00ae GOLD\"}]},{\"@type\":\"WebSite\",\"@id\":\"https:\/\/zumbaliciouscrew.com\/#website\",\"url\":\"https:\/\/zumbaliciouscrew.com\/\",\"name\":\"Zumbalicious Crew\",\"description\":\"\",\"publisher\":{\"@id\":\"https:\/\/zumbaliciouscrew.com\/#organization\"},\"potentialAction\":[{\"@type\":\"SearchAction\",\"target\":{\"@type\":\"EntryPoint\",\"urlTemplate\":\"https:\/\/zumbaliciouscrew.com\/?s={search_term_string}\"},\"query-input\":{\"@type\":\"PropertyValueSpecification\",\"valueRequired\":true,\"valueName\":\"search_term_string\"}}],\"inLanguage\":\"en-GB\"},{\"@type\":\"Organization\",\"@id\":\"https:\/\/zumbaliciouscrew.com\/#organization\",\"name\":\"Zumbalicious Crew\",\"url\":\"https:\/\/zumbaliciouscrew.com\/\",\"logo\":{\"@type\":\"ImageObject\",\"inLanguage\":\"en-GB\",\"@id\":\"https:\/\/zumbaliciouscrew.com\/#\/schema\/logo\/image\/\",\"url\":\"https:\/\/zumbaliciouscrew.com\/wp-content\/uploads\/2023\/06\/zumba-logo.png\",\"contentUrl\":\"https:\/\/zumbaliciouscrew.com\/wp-content\/uploads\/2023\/06\/zumba-logo.png\",\"width\":307,\"height\":121,\"caption\":\"Zumbalicious Crew\"},\"image\":{\"@id\":\"https:\/\/zumbaliciouscrew.com\/#\/schema\/logo\/image\/\"}}]}<\/script>\n<!-- \/ Yoast SEO plugin. -->","yoast_head_json":{"title":"3 MESE\u010cNA KARTA - 1x TEDENSKO: ZUMBA\u00ae \/ ZUMBA\u00ae GOLD - Zumbalicious Crew","robots":{"index":"index","follow":"follow","max-snippet":"max-snippet:-1","max-image-preview":"max-image-preview:large","max-video-preview":"max-video-preview:-1"},"canonical":"https:\/\/zumbaliciouscrew.com\/en\/trgovina\/treningi-v-dvorani\/zumba-3-mesecna-1x-tedensko\/","og_locale":"en_GB","og_type":"article","og_title":"3 MESE\u010cNA KARTA - 1x TEDENSKO: ZUMBA\u00ae \/ ZUMBA\u00ae GOLD - Zumbalicious Crew","og_description":"Pridru\u017ei se nam na vadbah Zumba\u00ae in Zumba\u00ae Gold, kjer te v dvorani \u010dakajo dobra dru\u017eba, nalezljiva energija in vro\u010di latino ritmi. Na\u0161e ure zdru\u017eujejo ples, najnovej\u0161e hite in zabavne koreografije, ki te bodo napolnile z dobro voljo.  3-mese\u010dna karta 1x tedensko vklju\u010duje 12 obiskov vadb Zumba\u00ae ali Zumba\u00ae Gold, ki jih lahko poljubno izkoristi\u0161 znotraj 3 zaporednih koledarskih mesecev. Izbira\u0161 med kar 7 termini tedensko na 3 razli\u010dnih lokacijah v Ljubljani.  ZUMBA\u00ae   PONEDELJEK IN SREDA OD 20:00 DO 21:00  \u0160PORTNA DVORANA VI\u017dMARJE BROD  in   TOREK IN \u010cETRTEK OD 20:00 DO 21:00  BASTARTS ACADEMY  in   SREDA OD 19:30 DO 20:30  \u0160PORTNI CENTER ILIRIJA  &nbsp;  ZUMBA\u00ae GOLD   PONEDELJEK OD 17:30 DO 18:30  \u0160PORTNI CENTER ILIRIJA  in   SREDA OD 19:00 DO 20:00  \u0160PORTNA DVORANA VI\u017dMARJE BROD","og_url":"https:\/\/zumbaliciouscrew.com\/en\/trgovina\/treningi-v-dvorani\/zumba-3-mesecna-1x-tedensko\/","og_site_name":"Zumbalicious Crew","article_modified_time":"2025-09-19T14:38:01+00:00","og_image":[{"width":1654,"height":1654,"url":"https:\/\/zumbaliciouscrew.com\/wp-content\/uploads\/2023\/06\/9.png","type":"image\/png"}],"twitter_card":"summary_large_image","twitter_misc":{"Estimated reading time":"1 minute"},"schema":{"@context":"https:\/\/schema.org","@graph":[{"@type":"WebPage","@id":"https:\/\/zumbaliciouscrew.com\/trgovina\/treningi-v-dvorani\/zumba-3-mesecna-1x-tedensko\/","url":"https:\/\/zumbaliciouscrew.com\/trgovina\/treningi-v-dvorani\/zumba-3-mesecna-1x-tedensko\/","name":"3 MESE\u010cNA KARTA - 1x TEDENSKO: ZUMBA\u00ae \/ ZUMBA\u00ae GOLD - Zumbalicious Crew","isPartOf":{"@id":"https:\/\/zumbaliciouscrew.com\/#website"},"primaryImageOfPage":{"@id":"https:\/\/zumbaliciouscrew.com\/trgovina\/treningi-v-dvorani\/zumba-3-mesecna-1x-tedensko\/#primaryimage"},"image":{"@id":"https:\/\/zumbaliciouscrew.com\/trgovina\/treningi-v-dvorani\/zumba-3-mesecna-1x-tedensko\/#primaryimage"},"thumbnailUrl":"https:\/\/zumbaliciouscrew.com\/wp-content\/uploads\/2023\/06\/9.png","datePublished":"2023-06-16T12:07:34+00:00","dateModified":"2025-09-19T14:38:01+00:00","breadcrumb":{"@id":"https:\/\/zumbaliciouscrew.com\/trgovina\/treningi-v-dvorani\/zumba-3-mesecna-1x-tedensko\/#breadcrumb"},"inLanguage":"en-GB","potentialAction":[{"@type":"ReadAction","target":["https:\/\/zumbaliciouscrew.com\/trgovina\/treningi-v-dvorani\/zumba-3-mesecna-1x-tedensko\/"]}]},{"@type":"ImageObject","inLanguage":"en-GB","@id":"https:\/\/zumbaliciouscrew.com\/trgovina\/treningi-v-dvorani\/zumba-3-mesecna-1x-tedensko\/#primaryimage","url":"https:\/\/zumbaliciouscrew.com\/wp-content\/uploads\/2023\/06\/9.png","contentUrl":"https:\/\/zumbaliciouscrew.com\/wp-content\/uploads\/2023\/06\/9.png","width":1654,"height":1654},{"@type":"BreadcrumbList","@id":"https:\/\/zumbaliciouscrew.com\/trgovina\/treningi-v-dvorani\/zumba-3-mesecna-1x-tedensko\/#breadcrumb","itemListElement":[{"@type":"ListItem","position":1,"name":"Home","item":"https:\/\/zumbaliciouscrew.com\/"},{"@type":"ListItem","position":2,"name":"Trgovina","item":"https:\/\/zumbaliciouscrew.com\/trgovina\/"},{"@type":"ListItem","position":3,"name":"3 MESE\u010cNA KARTA &#8211; 1x TEDENSKO: ZUMBA\u00ae \/ ZUMBA\u00ae GOLD"}]},{"@type":"WebSite","@id":"https:\/\/zumbaliciouscrew.com\/#website","url":"https:\/\/zumbaliciouscrew.com\/","name":"Zumbalicious Crew","description":"","publisher":{"@id":"https:\/\/zumbaliciouscrew.com\/#organization"},"potentialAction":[{"@type":"SearchAction","target":{"@type":"EntryPoint","urlTemplate":"https:\/\/zumbaliciouscrew.com\/?s={search_term_string}"},"query-input":{"@type":"PropertyValueSpecification","valueRequired":true,"valueName":"search_term_string"}}],"inLanguage":"en-GB"},{"@type":"Organization","@id":"https:\/\/zumbaliciouscrew.com\/#organization","name":"Zumbalicious Crew","url":"https:\/\/zumbaliciouscrew.com\/","logo":{"@type":"ImageObject","inLanguage":"en-GB","@id":"https:\/\/zumbaliciouscrew.com\/#\/schema\/logo\/image\/","url":"https:\/\/zumbaliciouscrew.com\/wp-content\/uploads\/2023\/06\/zumba-logo.png","contentUrl":"https:\/\/zumbaliciouscrew.com\/wp-content\/uploads\/2023\/06\/zumba-logo.png","width":307,"height":121,"caption":"Zumbalicious Crew"},"image":{"@id":"https:\/\/zumbaliciouscrew.com\/#\/schema\/logo\/image\/"}}]}},"_links":{"self":[{"href":"https:\/\/zumbaliciouscrew.com\/en\/wp-json\/wp\/v2\/product\/810","targetHints":{"allow":["GET"]}}],"collection":[{"href":"https:\/\/zumbaliciouscrew.com\/en\/wp-json\/wp\/v2\/product"}],"about":[{"href":"https:\/\/zumbaliciouscrew.com\/en\/wp-json\/wp\/v2\/types\/product"}],"wp:featuredmedia":[{"embeddable":true,"href":"https:\/\/zumbaliciouscrew.com\/en\/wp-json\/wp\/v2\/media\/21280"}],"wp:attachment":[{"href":"https:\/\/zumbaliciouscrew.com\/en\/wp-json\/wp\/v2\/media?parent=810"}],"wp:term":[{"taxonomy":"product_brand","embeddable":true,"href":"https:\/\/zumbaliciouscrew.com\/en\/wp-json\/wp\/v2\/product_brand?post=810"},{"taxonomy":"product_cat","embeddable":true,"href":"https:\/\/zumbaliciouscrew.com\/en\/wp-json\/wp\/v2\/product_cat?post=810"},{"taxonomy":"product_tag","embeddable":true,"href":"https:\/\/zumbaliciouscrew.com\/en\/wp-json\/wp\/v2\/product_tag?post=810"}],"curies":[{"name":"wp","href":"https:\/\/api.w.org\/{rel}","templated":true}]}}